{"id":11215,"date":"2022-11-24T10:18:40","date_gmt":"2022-11-24T09:18:40","guid":{"rendered":"https:\/\/www.jongia.com\/produkte\/misch-elemente\/sawblade\/"},"modified":"2025-04-14T12:17:52","modified_gmt":"2025-04-14T10:17:52","slug":"sawblade","status":"publish","type":"page","link":"https:\/\/www.jongia.com\/de\/produkte\/ruehrelementen\/sawblade\/","title":{"rendered":"Sawblade"},"content":{"rendered":"\t\t<div data-elementor-type=\"wp-page\" data-elementor-id=\"11215\" class=\"elementor elementor-11215 elementor-9589\" data-elementor-post-type=\"page\">\n\t\t\t\t\t\t<section class=\"elementor-section elementor-top-section elementor-element elementor-element-3ac3a52 elementor-section-boxed elementor-section-height-default elementor-section-height-default\" data-id=\"3ac3a52\" data-element_type=\"section\" data-e-type=\"section\">\n\t\t\t\t\t\t<div class=\"elementor-container elementor-column-gap-default\">\n\t\t\t\t\t<div class=\"elementor-column elementor-col-100 elementor-top-column elementor-element elementor-element-94d467f\" data-id=\"94d467f\" data-element_type=\"column\" data-e-type=\"column\">\n\t\t\t<div class=\"elementor-widget-wrap elementor-element-populated\">\n\t\t\t\t\t\t<div class=\"elementor-element elementor-element-ba85582 elementor-widget elementor-widget-spacer\" data-id=\"ba85582\" data-element_type=\"widget\" data-e-type=\"widget\" data-widget_type=\"spacer.default\">\n\t\t\t\t<div class=\"elementor-widget-container\">\n\t\t\t\t\t\t\t<div class=\"elementor-spacer\">\n\t\t\t<div class=\"elementor-spacer-inner\"><\/div>\n\t\t<\/div>\n\t\t\t\t\t\t<\/div>\n\t\t\t\t<\/div>\n\t\t\t\t<div class=\"elementor-element elementor-element-eff7b98 elementor-widget elementor-widget-text-editor\" data-id=\"eff7b98\" data-element_type=\"widget\" data-e-type=\"widget\" data-widget_type=\"text-editor.default\">\n\t\t\t\t<div class=\"elementor-widget-container\">\n\t\t\t\t\t\t\t\t\t<h1>Sawblade Mischer<\/h1>\t\t\t\t\t\t\t\t<\/div>\n\t\t\t\t<\/div>\n\t\t\t\t<div class=\"elementor-element elementor-element-031c2aa elementor-widget elementor-widget-spacer\" data-id=\"031c2aa\" data-element_type=\"widget\" data-e-type=\"widget\" data-widget_type=\"spacer.default\">\n\t\t\t\t<div class=\"elementor-widget-container\">\n\t\t\t\t\t\t\t<div class=\"elementor-spacer\">\n\t\t\t<div class=\"elementor-spacer-inner\"><\/div>\n\t\t<\/div>\n\t\t\t\t\t\t<\/div>\n\t\t\t\t<\/div>\n\t\t\t\t\t<\/div>\n\t\t<\/div>\n\t\t\t\t\t<\/div>\n\t\t<\/section>\n\t\t\t\t<section class=\"elementor-section elementor-top-section elementor-element elementor-element-d916c72 elementor-section-boxed elementor-section-height-default elementor-section-height-default\" data-id=\"d916c72\" data-element_type=\"section\" data-e-type=\"section\">\n\t\t\t\t\t\t<div class=\"elementor-container elementor-column-gap-default\">\n\t\t\t\t\t<div class=\"elementor-column elementor-col-50 elementor-top-column elementor-element elementor-element-17502a9\" data-id=\"17502a9\" data-element_type=\"column\" data-e-type=\"column\">\n\t\t\t<div class=\"elementor-widget-wrap\">\n\t\t\t\t\t\t\t<\/div>\n\t\t<\/div>\n\t\t\t\t<div class=\"elementor-column elementor-col-50 elementor-top-column elementor-element elementor-element-1be3dfa\" data-id=\"1be3dfa\" data-element_type=\"column\" data-e-type=\"column\">\n\t\t\t<div class=\"elementor-widget-wrap elementor-element-populated\">\n\t\t\t\t\t\t<div class=\"elementor-element elementor-element-db6685a elementor-widget elementor-widget-image\" data-id=\"db6685a\" data-element_type=\"widget\" data-e-type=\"widget\" data-widget_type=\"image.default\">\n\t\t\t\t<div class=\"elementor-widget-container\">\n\t\t\t\t\t\t\t\t\t\t\t\t\t\t\t<img fetchpriority=\"high\" decoding=\"async\" width=\"1000\" height=\"1000\" src=\"https:\/\/www.jongia.com\/wp-content\/uploads\/2022\/05\/Mixing-Element-Sawblade.png\" class=\"attachment-large size-large wp-image-2776\" alt=\"Mischelement\" srcset=\"https:\/\/www.jongia.com\/wp-content\/uploads\/2022\/05\/Mixing-Element-Sawblade.png 1000w, https:\/\/www.jongia.com\/wp-content\/uploads\/2022\/05\/Mixing-Element-Sawblade-300x300.png 300w, https:\/\/www.jongia.com\/wp-content\/uploads\/2022\/05\/Mixing-Element-Sawblade-150x150.png 150w, https:\/\/www.jongia.com\/wp-content\/uploads\/2022\/05\/Mixing-Element-Sawblade-768x768.png 768w\" sizes=\"(max-width: 1000px) 100vw, 1000px\" \/>\t\t\t\t\t\t\t\t\t\t\t\t\t\t\t<\/div>\n\t\t\t\t<\/div>\n\t\t\t\t\t<\/div>\n\t\t<\/div>\n\t\t\t\t\t<\/div>\n\t\t<\/section>\n\t\t<div class=\"elementor-element elementor-element-4c39965 e-flex e-con-boxed e-con e-parent\" data-id=\"4c39965\" data-element_type=\"container\" data-e-type=\"container\">\n\t\t\t\t\t<div class=\"e-con-inner\">\n\t\t\t\t<div class=\"elementor-element elementor-element-2b22e95 elementor-widget elementor-widget-template\" data-id=\"2b22e95\" data-element_type=\"widget\" data-e-type=\"widget\" data-widget_type=\"template.default\">\n\t\t\t\t<div class=\"elementor-widget-container\">\n\t\t\t\t\t\t\t<div class=\"elementor-template\">\n\t\t\t\t\t<div data-elementor-type=\"section\" data-elementor-id=\"20761\" class=\"elementor elementor-20761 elementor-20758 elementor-20758\" data-elementor-post-type=\"elementor_library\">\n\t\t\t<div class=\"elementor-element elementor-element-986606b e-flex e-con-boxed e-con e-parent\" data-id=\"986606b\" data-element_type=\"container\" data-e-type=\"container\" data-settings=\"{&quot;background_background&quot;:&quot;classic&quot;}\">\n\t\t\t\t\t<div class=\"e-con-inner\">\n\t\t\t\t<div class=\"elementor-element elementor-element-207c14f elementor-widget elementor-widget-menu-anchor\" data-id=\"207c14f\" data-element_type=\"widget\" data-e-type=\"widget\" data-widget_type=\"menu-anchor.default\">\n\t\t\t\t<div class=\"elementor-widget-container\">\n\t\t\t\t\t\t\t<div class=\"elementor-menu-anchor\" id=\"faq\"><\/div>\n\t\t\t\t\t\t<\/div>\n\t\t\t\t<\/div>\n\t\t\t\t<div class=\"elementor-element elementor-element-ddc4e76 elementor-widget elementor-widget-heading\" data-id=\"ddc4e76\" data-element_type=\"widget\" data-e-type=\"widget\" data-widget_type=\"heading.default\">\n\t\t\t\t<div class=\"elementor-widget-container\">\n\t\t\t\t\t<h2 class=\"elementor-heading-title elementor-size-default\">H\u00e4ufig gestellte Fragen<\/h2>\t\t\t\t<\/div>\n\t\t\t\t<\/div>\n\t\t\t\t<div class=\"elementor-element elementor-element-137bf4a elementor-widget elementor-widget-n-accordion\" data-id=\"137bf4a\" data-element_type=\"widget\" data-e-type=\"widget\" data-settings=\"{&quot;default_state&quot;:&quot;expanded&quot;,&quot;max_items_expended&quot;:&quot;one&quot;,&quot;n_accordion_animation_duration&quot;:{&quot;unit&quot;:&quot;ms&quot;,&quot;size&quot;:400,&quot;sizes&quot;:[]}}\" data-widget_type=\"nested-accordion.default\">\n\t\t\t\t<div class=\"elementor-widget-container\">\n\t\t\t\t\t\t\t<div class=\"e-n-accordion\" aria-label=\"Accordion. Open links with Enter or Space, close with Escape, and navigate with Arrow Keys\">\n\t\t\t\t\t\t<details id=\"e-n-accordion-item-2040\" class=\"e-n-accordion-item\" open>\n\t\t\t\t<summary class=\"e-n-accordion-item-title\" data-accordion-index=\"1\" tabindex=\"0\" aria-expanded=\"true\" aria-controls=\"e-n-accordion-item-2040\" >\n\t\t\t\t\t<span class='e-n-accordion-item-title-header'><h3 class=\"e-n-accordion-item-title-text\"> Wof\u00fcr wird das S\u00e4geblatt-Mischelement verwendet? <\/h3><\/span>\n\t\t\t\t\t\t\t<span class='e-n-accordion-item-title-icon'>\n\t\t\t<span class='e-opened' ><i aria-hidden=\"true\" class=\"fas fa-minus\"><\/i><\/span>\n\t\t\t<span class='e-closed'><i aria-hidden=\"true\" class=\"fas fa-plus\"><\/i><\/span>\n\t\t<\/span>\n\n\t\t\t\t\t\t<\/summary>\n\t\t\t\t<div role=\"region\" aria-labelledby=\"e-n-accordion-item-2040\" class=\"elementor-element elementor-element-63e0bb5 e-con-full e-flex e-con e-child\" data-id=\"63e0bb5\" data-element_type=\"container\" data-e-type=\"container\">\n\t\t\t\t<div class=\"elementor-element elementor-element-7412b00 elementor-widget elementor-widget-text-editor\" data-id=\"7412b00\" data-element_type=\"widget\" data-e-type=\"widget\" data-widget_type=\"text-editor.default\">\n\t\t\t\t<div class=\"elementor-widget-container\">\n\t\t\t\t\t\t\t\t\t<p>Das S\u00e4geblatt-Mischelement ist f\u00fcr effizientes Mischen in verschiedenen Anwendungen konzipiert. Dank seiner einzigartigen Form erzeugt es ein starkes Str\u00f6mungsmuster, das eine gr\u00fcndliche Durchmischung der Materialien gew\u00e4hrleistet, was in Industrie- und Fertigungsprozessen unerl\u00e4sslich ist. <\/p>\n\t\t\t\t\t\t\t\t<\/div>\n\t\t\t\t<\/div>\n\t\t\t\t<\/div>\n\t\t\t\t\t<\/details>\n\t\t\t\t\t\t<details id=\"e-n-accordion-item-2041\" class=\"e-n-accordion-item\" >\n\t\t\t\t<summary class=\"e-n-accordion-item-title\" data-accordion-index=\"2\" tabindex=\"-1\" aria-expanded=\"false\" aria-controls=\"e-n-accordion-item-2041\" >\n\t\t\t\t\t<span class='e-n-accordion-item-title-header'><h3 class=\"e-n-accordion-item-title-text\"> Wie werden bei der Konstruktion der Sawblade Materialien gemischt? <\/h3><\/span>\n\t\t\t\t\t\t\t<span class='e-n-accordion-item-title-icon'>\n\t\t\t<span class='e-opened' ><i aria-hidden=\"true\" class=\"fas fa-minus\"><\/i><\/span>\n\t\t\t<span class='e-closed'><i aria-hidden=\"true\" class=\"fas fa-plus\"><\/i><\/span>\n\t\t<\/span>\n\n\t\t\t\t\t\t<\/summary>\n\t\t\t\t<div role=\"region\" aria-labelledby=\"e-n-accordion-item-2041\" class=\"elementor-element elementor-element-8e6cf33 e-con-full e-flex e-con e-child\" data-id=\"8e6cf33\" data-element_type=\"container\" data-e-type=\"container\">\n\t\t\t\t<div class=\"elementor-element elementor-element-18b45dc elementor-widget elementor-widget-text-editor\" data-id=\"18b45dc\" data-element_type=\"widget\" data-e-type=\"widget\" data-widget_type=\"text-editor.default\">\n\t\t\t\t<div class=\"elementor-widget-container\">\n\t\t\t\t\t\t\t\t\t<p>Das Design des S\u00e4geblatt-Mischelements besteht aus mehreren Schaufeln, die mit den Materialien interagieren und Scherung und Turbulenzen erzeugen. Diese Interaktion f\u00fchrt zu einer optimalen Dispersion und Vermischung, was es besonders effektiv macht, um gleichm\u00e4\u00dfige Mischungen in Tanks und Reaktoren zu erzielen. <\/p>\n\t\t\t\t\t\t\t\t<\/div>\n\t\t\t\t<\/div>\n\t\t\t\t<\/div>\n\t\t\t\t\t<\/details>\n\t\t\t\t\t\t<details id=\"e-n-accordion-item-2042\" class=\"e-n-accordion-item\" >\n\t\t\t\t<summary class=\"e-n-accordion-item-title\" data-accordion-index=\"3\" tabindex=\"-1\" aria-expanded=\"false\" aria-controls=\"e-n-accordion-item-2042\" >\n\t\t\t\t\t<span class='e-n-accordion-item-title-header'><h3 class=\"e-n-accordion-item-title-text\"> Welche Materialien k\u00f6nnen mit dem Sawblade Element gemischt werden? <\/h3><\/span>\n\t\t\t\t\t\t\t<span class='e-n-accordion-item-title-icon'>\n\t\t\t<span class='e-opened' ><i aria-hidden=\"true\" class=\"fas fa-minus\"><\/i><\/span>\n\t\t\t<span class='e-closed'><i aria-hidden=\"true\" class=\"fas fa-plus\"><\/i><\/span>\n\t\t<\/span>\n\n\t\t\t\t\t\t<\/summary>\n\t\t\t\t<div role=\"region\" aria-labelledby=\"e-n-accordion-item-2042\" class=\"elementor-element elementor-element-29f0197 e-con-full e-flex e-con e-child\" data-id=\"29f0197\" data-element_type=\"container\" data-e-type=\"container\">\n\t\t\t\t<div class=\"elementor-element elementor-element-5d4004d elementor-widget elementor-widget-text-editor\" data-id=\"5d4004d\" data-element_type=\"widget\" data-e-type=\"widget\" data-widget_type=\"text-editor.default\">\n\t\t\t\t<div class=\"elementor-widget-container\">\n\t\t\t\t\t\t\t\t\t<p>Das S\u00e4geblatt-Mischelement kann eine Vielzahl von Materialien, einschlie\u00dflich Fl\u00fcssigkeiten, Schl\u00e4mmen und viskosen Substanzen, effektiv mischen. Sein Design passt sich an unterschiedliche Konsistenzen an, was es vielseitig f\u00fcr verschiedene industrielle Mischanforderungen macht. <\/p>\n\t\t\t\t\t\t\t\t<\/div>\n\t\t\t\t<\/div>\n\t\t\t\t<\/div>\n\t\t\t\t\t<\/details>\n\t\t\t\t\t\t<details id=\"e-n-accordion-item-2043\" class=\"e-n-accordion-item\" >\n\t\t\t\t<summary class=\"e-n-accordion-item-title\" data-accordion-index=\"4\" tabindex=\"-1\" aria-expanded=\"false\" aria-controls=\"e-n-accordion-item-2043\" >\n\t\t\t\t\t<span class='e-n-accordion-item-title-header'><h3 class=\"e-n-accordion-item-title-text\"> Wie pflege ich das Sawblade-Mischelement? <\/h3><\/span>\n\t\t\t\t\t\t\t<span class='e-n-accordion-item-title-icon'>\n\t\t\t<span class='e-opened' ><i aria-hidden=\"true\" class=\"fas fa-minus\"><\/i><\/span>\n\t\t\t<span class='e-closed'><i aria-hidden=\"true\" class=\"fas fa-plus\"><\/i><\/span>\n\t\t<\/span>\n\n\t\t\t\t\t\t<\/summary>\n\t\t\t\t<div role=\"region\" aria-labelledby=\"e-n-accordion-item-2043\" class=\"elementor-element elementor-element-fa76391 e-con-full e-flex e-con e-child\" data-id=\"fa76391\" data-element_type=\"container\" data-e-type=\"container\">\n\t\t\t\t<div class=\"elementor-element elementor-element-1cbb777 elementor-widget elementor-widget-text-editor\" data-id=\"1cbb777\" data-element_type=\"widget\" data-e-type=\"widget\" data-widget_type=\"text-editor.default\">\n\t\t\t\t<div class=\"elementor-widget-container\">\n\t\t\t\t\t\t\t\t\t<p>Zur ordnungsgem\u00e4\u00dfen Wartung des S\u00e4geblatt-Mischelements geh\u00f6rt die regelm\u00e4\u00dfige \u00dcberpr\u00fcfung auf Verschlei\u00df, die Reinigung, um Materialablagerungen zu vermeiden, und die Sicherstellung, dass es korrekt installiert ist. Die Einhaltung der Herstellerrichtlinien kann die Lebensdauer verl\u00e4ngern und die Leistung erhalten. <\/p>\n\t\t\t\t\t\t\t\t<\/div>\n\t\t\t\t<\/div>\n\t\t\t\t<\/div>\n\t\t\t\t\t<\/details>\n\t\t\t\t\t\t<details id=\"e-n-accordion-item-2044\" class=\"e-n-accordion-item\" >\n\t\t\t\t<summary class=\"e-n-accordion-item-title\" data-accordion-index=\"5\" tabindex=\"-1\" aria-expanded=\"false\" aria-controls=\"e-n-accordion-item-2044\" >\n\t\t\t\t\t<span class='e-n-accordion-item-title-header'><h3 class=\"e-n-accordion-item-title-text\"> Ist das Sawblade-Mischelement anpassbar? <\/h3><\/span>\n\t\t\t\t\t\t\t<span class='e-n-accordion-item-title-icon'>\n\t\t\t<span class='e-opened' ><i aria-hidden=\"true\" class=\"fas fa-minus\"><\/i><\/span>\n\t\t\t<span class='e-closed'><i aria-hidden=\"true\" class=\"fas fa-plus\"><\/i><\/span>\n\t\t<\/span>\n\n\t\t\t\t\t\t<\/summary>\n\t\t\t\t<div role=\"region\" aria-labelledby=\"e-n-accordion-item-2044\" class=\"elementor-element elementor-element-813416c e-con-full e-flex e-con e-child\" data-id=\"813416c\" data-element_type=\"container\" data-e-type=\"container\">\n\t\t\t\t<div class=\"elementor-element elementor-element-d140889 elementor-widget elementor-widget-text-editor\" data-id=\"d140889\" data-element_type=\"widget\" data-e-type=\"widget\" data-widget_type=\"text-editor.default\">\n\t\t\t\t<div class=\"elementor-widget-container\">\n\t\t\t\t\t\t\t\t\t<p>Ja, das S\u00e4geblatt-Mischelement kann an spezifische Mischanforderungen angepasst werden. Die Gr\u00f6\u00dfe, das Design des S\u00e4geblattes und die verwendeten Materialien k\u00f6nnen angepasst werden und erm\u00f6glichen so ma\u00dfgeschneiderte L\u00f6sungen, die den einzigartigen Anforderungen der verschiedenen Anwendungen gerecht werden. <\/p>\n\t\t\t\t\t\t\t\t<\/div>\n\t\t\t\t<\/div>\n\t\t\t\t<\/div>\n\t\t\t\t\t<\/details>\n\t\t\t\t\t<\/div>\n\t\t\t\t\t<script type=\"application\/ld+json\">{\"@context\":\"https:\\\/\\\/schema.org\",\"@type\":\"FAQPage\",\"mainEntity\":[{\"@type\":\"Question\",\"name\":\"Wof\\u00fcr wird das S\\u00e4geblatt-Mischelement verwendet?\",\"acceptedAnswer\":{\"@type\":\"Answer\",\"text\":\"Das S\\u00e4geblatt-Mischelement ist f\\u00fcr effizientes Mischen in verschiedenen Anwendungen konzipiert. Dank seiner einzigartigen Form erzeugt es ein starkes Str\\u00f6mungsmuster, das eine gr\\u00fcndliche Durchmischung der Materialien gew\\u00e4hrleistet, was in Industrie- und Fertigungsprozessen unerl\\u00e4sslich ist.\"}},{\"@type\":\"Question\",\"name\":\"Wie werden bei der Konstruktion der Sawblade Materialien gemischt?\",\"acceptedAnswer\":{\"@type\":\"Answer\",\"text\":\"Das Design des S\\u00e4geblatt-Mischelements besteht aus mehreren Schaufeln, die mit den Materialien interagieren und Scherung und Turbulenzen erzeugen. Diese Interaktion f\\u00fchrt zu einer optimalen Dispersion und Vermischung, was es besonders effektiv macht, um gleichm\\u00e4\\u00dfige Mischungen in Tanks und Reaktoren zu erzielen.\"}},{\"@type\":\"Question\",\"name\":\"Welche Materialien k\\u00f6nnen mit dem Sawblade Element gemischt werden?\",\"acceptedAnswer\":{\"@type\":\"Answer\",\"text\":\"Das S\\u00e4geblatt-Mischelement kann eine Vielzahl von Materialien, einschlie\\u00dflich Fl\\u00fcssigkeiten, Schl\\u00e4mmen und viskosen Substanzen, effektiv mischen. Sein Design passt sich an unterschiedliche Konsistenzen an, was es vielseitig f\\u00fcr verschiedene industrielle Mischanforderungen macht.\"}},{\"@type\":\"Question\",\"name\":\"Wie pflege ich das Sawblade-Mischelement?\",\"acceptedAnswer\":{\"@type\":\"Answer\",\"text\":\"Zur ordnungsgem\\u00e4\\u00dfen Wartung des S\\u00e4geblatt-Mischelements geh\\u00f6rt die regelm\\u00e4\\u00dfige \\u00dcberpr\\u00fcfung auf Verschlei\\u00df, die Reinigung, um Materialablagerungen zu vermeiden, und die Sicherstellung, dass es korrekt installiert ist. Die Einhaltung der Herstellerrichtlinien kann die Lebensdauer verl\\u00e4ngern und die Leistung erhalten.\"}},{\"@type\":\"Question\",\"name\":\"Ist das Sawblade-Mischelement anpassbar?\",\"acceptedAnswer\":{\"@type\":\"Answer\",\"text\":\"Ja, das S\\u00e4geblatt-Mischelement kann an spezifische Mischanforderungen angepasst werden. Die Gr\\u00f6\\u00dfe, das Design des S\\u00e4geblattes und die verwendeten Materialien k\\u00f6nnen angepasst werden und erm\\u00f6glichen so ma\\u00dfgeschneiderte L\\u00f6sungen, die den einzigartigen Anforderungen der verschiedenen Anwendungen gerecht werden.\"}}]}<\/script>\n\t\t\t\t\t\t\t<\/div>\n\t\t\t\t<\/div>\n\t\t\t\t<div class=\"elementor-element elementor-element-afdc7c1 elementor-widget elementor-widget-spacer\" data-id=\"afdc7c1\" data-element_type=\"widget\" data-e-type=\"widget\" data-widget_type=\"spacer.default\">\n\t\t\t\t<div class=\"elementor-widget-container\">\n\t\t\t\t\t\t\t<div class=\"elementor-spacer\">\n\t\t\t<div class=\"elementor-spacer-inner\"><\/div>\n\t\t<\/div>\n\t\t\t\t\t\t<\/div>\n\t\t\t\t<\/div>\n\t\t\t\t\t<\/div>\n\t\t\t\t<\/div>\n\t\t\t\t<\/div>\n\t\t\t\t<\/div>\n\t\t\t\t\t\t<\/div>\n\t\t\t\t<\/div>\n\t\t\t\t\t<\/div>\n\t\t\t\t<\/div>\n\t\t\t\t<section class=\"elementor-section elementor-top-section elementor-element elementor-element-cab8f6b elementor-section-boxed elementor-section-height-default elementor-section-height-default\" data-id=\"cab8f6b\" data-element_type=\"section\" data-e-type=\"section\">\n\t\t\t\t\t\t<div class=\"elementor-container elementor-column-gap-default\">\n\t\t\t\t\t<div class=\"elementor-column elementor-col-100 elementor-top-column elementor-element elementor-element-c06f3c8\" data-id=\"c06f3c8\" data-element_type=\"column\" data-e-type=\"column\">\n\t\t\t<div class=\"elementor-widget-wrap elementor-element-populated\">\n\t\t\t\t\t\t<div class=\"elementor-element elementor-element-3ac8c26 elementor-widget elementor-widget-spacer\" data-id=\"3ac8c26\" data-element_type=\"widget\" data-e-type=\"widget\" data-widget_type=\"spacer.default\">\n\t\t\t\t<div class=\"elementor-widget-container\">\n\t\t\t\t\t\t\t<div class=\"elementor-spacer\">\n\t\t\t<div class=\"elementor-spacer-inner\"><\/div>\n\t\t<\/div>\n\t\t\t\t\t\t<\/div>\n\t\t\t\t<\/div>\n\t\t\t\t<div class=\"elementor-element elementor-element-be97e68 elementor-widget-divider--view-line elementor-widget elementor-widget-divider\" data-id=\"be97e68\" data-element_type=\"widget\" data-e-type=\"widget\" data-widget_type=\"divider.default\">\n\t\t\t\t<div class=\"elementor-widget-container\">\n\t\t\t\t\t\t\t<div class=\"elementor-divider\">\n\t\t\t<span class=\"elementor-divider-separator\">\n\t\t\t\t\t\t<\/span>\n\t\t<\/div>\n\t\t\t\t\t\t<\/div>\n\t\t\t\t<\/div>\n\t\t\t\t\t<\/div>\n\t\t<\/div>\n\t\t\t\t\t<\/div>\n\t\t<\/section>\n\t\t\t\t<section class=\"elementor-section elementor-top-section elementor-element elementor-element-ea6a71b elementor-section-boxed elementor-section-height-default elementor-section-height-default\" data-id=\"ea6a71b\" data-element_type=\"section\" data-e-type=\"section\">\n\t\t\t\t\t\t<div class=\"elementor-container elementor-column-gap-default\">\n\t\t\t\t\t<div class=\"elementor-column elementor-col-100 elementor-top-column elementor-element elementor-element-fdc9df3\" data-id=\"fdc9df3\" data-element_type=\"column\" data-e-type=\"column\">\n\t\t\t<div class=\"elementor-widget-wrap elementor-element-populated\">\n\t\t\t\t\t\t<div class=\"elementor-element elementor-element-bdb1975 elementor-widget elementor-widget-text-editor\" data-id=\"bdb1975\" data-element_type=\"widget\" data-e-type=\"widget\" data-widget_type=\"text-editor.default\">\n\t\t\t\t<div class=\"elementor-widget-container\">\n\t\t\t\t\t\t\t\t\t<h3>Verwandte Artikel<\/h3>\t\t\t\t\t\t\t\t<\/div>\n\t\t\t\t<\/div>\n\t\t\t\t<div class=\"elementor-element elementor-element-d887613 elementor-widget elementor-widget-spacer\" data-id=\"d887613\" data-element_type=\"widget\" data-e-type=\"widget\" data-widget_type=\"spacer.default\">\n\t\t\t\t<div class=\"elementor-widget-container\">\n\t\t\t\t\t\t\t<div class=\"elementor-spacer\">\n\t\t\t<div class=\"elementor-spacer-inner\"><\/div>\n\t\t<\/div>\n\t\t\t\t\t\t<\/div>\n\t\t\t\t<\/div>\n\t\t\t\t\t<\/div>\n\t\t<\/div>\n\t\t\t\t\t<\/div>\n\t\t<\/section>\n\t\t\t\t<\/div>\n\t\t","protected":false},"excerpt":{"rendered":"<p>Sawblade Mischer Verwandte Artikel<\/p>\n","protected":false},"author":1,"featured_media":2660,"parent":3376,"menu_order":0,"comment_status":"closed","ping_status":"closed","template":"","meta":{"_acf_changed":false,"site-sidebar-layout":"no-sidebar","site-content-layout":"page-builder","ast-site-content-layout":"default","site-content-style":"default","site-sidebar-style":"default","ast-global-header-display":"","ast-banner-title-visibility":"","ast-main-header-display":"","ast-hfb-above-header-display":"","ast-hfb-below-header-display":"","ast-hfb-mobile-header-display":"","site-post-title":"disabled","ast-breadcrumbs-content":"","ast-featured-img":"disabled","footer-sml-layout":"","ast-disable-related-posts":"","theme-transparent-header-meta":"default","adv-header-id-meta":"","stick-header-meta":"default","header-above-stick-meta":"","header-main-stick-meta":"","header-below-stick-meta":"","astra-migrate-meta-layouts":"default","ast-page-background-enabled":"default","ast-page-background-meta":{"desktop":{"background-color":"var(--ast-global-color-4)","background-image":"","background-repeat":"repeat","background-position":"center center","background-size":"auto","background-attachment":"scroll","background-type":"","background-media":"","overlay-type":"","overlay-color":"","overlay-opacity":"","overlay-gradient":""},"tablet":{"background-color":"","background-image":"","background-repeat":"repeat","background-position":"center center","background-size":"auto","background-attachment":"scroll","background-type":"","background-media":"","overlay-type":"","overlay-color":"","overlay-opacity":"","overlay-gradient":""},"mobile":{"background-color":"","background-image":"","background-repeat":"repeat","background-position":"center center","background-size":"auto","background-attachment":"scroll","background-type":"","background-media":"","overlay-type":"","overlay-color":"","overlay-opacity":"","overlay-gradient":""}},"ast-content-background-meta":{"desktop":{"background-color":"var(--ast-global-color-5)","background-image":"","background-repeat":"repeat","background-position":"center center","background-size":"auto","background-attachment":"scroll","background-type":"","background-media":"","overlay-type":"","overlay-color":"","overlay-opacity":"","overlay-gradient":""},"tablet":{"background-color":"var(--ast-global-color-5)","background-image":"","background-repeat":"repeat","background-position":"center center","background-size":"auto","background-attachment":"scroll","background-type":"","background-media":"","overlay-type":"","overlay-color":"","overlay-opacity":"","overlay-gradient":""},"mobile":{"background-color":"var(--ast-global-color-5)","background-image":"","background-repeat":"repeat","background-position":"center center","background-size":"auto","background-attachment":"scroll","background-type":"","background-media":"","overlay-type":"","overlay-color":"","overlay-opacity":"","overlay-gradient":""}},"footnotes":""},"class_list":["post-11215","page","type-page","status-publish","has-post-thumbnail","hentry"],"acf":[],"_links":{"self":[{"href":"https:\/\/www.jongia.com\/de\/wp-json\/wp\/v2\/pages\/11215","targetHints":{"allow":["GET"]}}],"collection":[{"href":"https:\/\/www.jongia.com\/de\/wp-json\/wp\/v2\/pages"}],"about":[{"href":"https:\/\/www.jongia.com\/de\/wp-json\/wp\/v2\/types\/page"}],"author":[{"embeddable":true,"href":"https:\/\/www.jongia.com\/de\/wp-json\/wp\/v2\/users\/1"}],"replies":[{"embeddable":true,"href":"https:\/\/www.jongia.com\/de\/wp-json\/wp\/v2\/comments?post=11215"}],"version-history":[{"count":4,"href":"https:\/\/www.jongia.com\/de\/wp-json\/wp\/v2\/pages\/11215\/revisions"}],"predecessor-version":[{"id":21239,"href":"https:\/\/www.jongia.com\/de\/wp-json\/wp\/v2\/pages\/11215\/revisions\/21239"}],"up":[{"embeddable":true,"href":"https:\/\/www.jongia.com\/de\/wp-json\/wp\/v2\/pages\/3376"}],"wp:featuredmedia":[{"embeddable":true,"href":"https:\/\/www.jongia.com\/de\/wp-json\/wp\/v2\/media\/2660"}],"wp:attachment":[{"href":"https:\/\/www.jongia.com\/de\/wp-json\/wp\/v2\/media?parent=11215"}],"curies":[{"name":"wp","href":"https:\/\/api.w.org\/{rel}","templated":true}]}}