{"id":25475,"date":"2023-04-12T11:40:30","date_gmt":"2023-04-12T09:40:30","guid":{"rendered":"https:\/\/www.jongia.com\/vielen-dank-fuer-ihr-feedback\/"},"modified":"2026-03-24T19:15:00","modified_gmt":"2026-03-24T18:15:00","slug":"vielen-dank-fuer-ihr-feedback","status":"publish","type":"page","link":"https:\/\/www.jongia.com\/de\/ueber-jongia\/kundenumfrage-2023\/vielen-dank-fuer-ihr-feedback\/","title":{"rendered":"Vielen Dank f\u00fcr Ihr Feedback"},"content":{"rendered":"\t\t<div data-elementor-type=\"wp-page\" data-elementor-id=\"25475\" class=\"elementor elementor-25475 elementor-14157\" data-elementor-post-type=\"page\">\n\t\t\t\t\t\t<section class=\"elementor-section elementor-top-section elementor-element elementor-element-6d88dd3 elementor-section-boxed elementor-section-height-default elementor-section-height-default\" data-id=\"6d88dd3\" data-element_type=\"section\" data-e-type=\"section\">\n\t\t\t\t\t\t<div class=\"elementor-container elementor-column-gap-default\">\n\t\t\t\t\t<div class=\"elementor-column elementor-col-100 elementor-top-column elementor-element elementor-element-0862cff\" data-id=\"0862cff\" data-element_type=\"column\" data-e-type=\"column\">\n\t\t\t<div class=\"elementor-widget-wrap elementor-element-populated\">\n\t\t\t\t\t\t<div class=\"elementor-element elementor-element-9c341f6 elementor-widget elementor-widget-text-editor\" data-id=\"9c341f6\" data-element_type=\"widget\" data-e-type=\"widget\" data-widget_type=\"text-editor.default\">\n\t\t\t\t<div class=\"elementor-widget-container\">\n\t\t\t\t\t\t\t\t\t<h1>Vielen Dank f\u00fcr Ihr Feedback<\/h1>\t\t\t\t\t\t\t\t<\/div>\n\t\t\t\t<\/div>\n\t\t\t\t<section class=\"elementor-section elementor-inner-section elementor-element elementor-element-0d0e917 elementor-section-boxed elementor-section-height-default elementor-section-height-default\" data-id=\"0d0e917\" data-element_type=\"section\" data-e-type=\"section\">\n\t\t\t\t\t\t<div class=\"elementor-container elementor-column-gap-default\">\n\t\t\t\t\t<div class=\"elementor-column elementor-col-50 elementor-inner-column elementor-element elementor-element-d4b5d22\" data-id=\"d4b5d22\" data-element_type=\"column\" data-e-type=\"column\">\n\t\t\t<div class=\"elementor-widget-wrap elementor-element-populated\">\n\t\t\t\t\t\t<div class=\"elementor-element elementor-element-9b21e8a elementor-widget elementor-widget-text-editor\" data-id=\"9b21e8a\" data-element_type=\"widget\" data-e-type=\"widget\" data-widget_type=\"text-editor.default\">\n\t\t\t\t<div class=\"elementor-widget-container\">\n\t\t\t\t\t\t\t\t\t<p>Ihr Feedback ist f\u00fcr uns sehr wertvoll und wird uns helfen, unsere Produkte und Dienstleistungen weiter zu verbessern, um Ihren Bed\u00fcrfnissen besser gerecht zu werden.<\/p><p>Ihre Bereitschaft, uns Ihre Gedanken und Erfahrungen mitzuteilen, zeigt, dass Sie uns helfen wollen, zu wachsen und Ihnen einen besseren Service zu bieten. Ihre Erkenntnisse und Vorschl\u00e4ge erm\u00f6glichen es uns, bessere Entscheidungen zu treffen, Priorit\u00e4ten zu setzen und Ihnen den bestm\u00f6glichen Service zu bieten. <\/p><p>Wir nehmen Ihr Feedback ernst und werden es nutzen, um positive Ver\u00e4nderungen vorzunehmen, die sowohl Ihnen als auch unserem Unternehmen zugute kommen. Wir sch\u00e4tzen Ihr Vertrauen in unsere F\u00e4higkeit, zuzuh\u00f6ren und auf Ihr Feedback zu reagieren. <\/p><p>Nochmals vielen Dank f\u00fcr Ihre Teilnahme an unserer Kundenumfrage. Wir freuen uns darauf, Sie weiterhin zu betreuen und Ihre Bed\u00fcrfnisse bestm\u00f6glich zu erf\u00fcllen. <\/p><p>Mit freundlichen Gr\u00fc\u00dfen,  <\/p><p>Tom Pruymboom<br>Verkaufsleiter<\/p>\t\t\t\t\t\t\t\t<\/div>\n\t\t\t\t<\/div>\n\t\t\t\t\t<\/div>\n\t\t<\/div>\n\t\t\t\t<div class=\"elementor-column elementor-col-50 elementor-inner-column elementor-element elementor-element-ddf97a1\" data-id=\"ddf97a1\" data-element_type=\"column\" data-e-type=\"column\">\n\t\t\t<div class=\"elementor-widget-wrap elementor-element-populated\">\n\t\t\t\t\t\t\t<\/div>\n\t\t<\/div>\n\t\t\t\t\t<\/div>\n\t\t<\/section>\n\t\t\t\t\t<\/div>\n\t\t<\/div>\n\t\t\t\t\t<\/div>\n\t\t<\/section>\n\t\t\t\t<section class=\"elementor-section elementor-top-section elementor-element elementor-element-601cd4e elementor-section-boxed elementor-section-height-default elementor-section-height-default\" data-id=\"601cd4e\" data-element_type=\"section\" data-e-type=\"section\">\n\t\t\t\t\t\t<div class=\"elementor-container elementor-column-gap-default\">\n\t\t\t\t\t<div class=\"elementor-column elementor-col-100 elementor-top-column elementor-element elementor-element-61f8def\" data-id=\"61f8def\" data-element_type=\"column\" data-e-type=\"column\">\n\t\t\t<div class=\"elementor-widget-wrap elementor-element-populated\">\n\t\t\t\t\t\t<div class=\"elementor-element elementor-element-a37cbc5 elementor-widget-divider--view-line elementor-widget elementor-widget-divider\" data-id=\"a37cbc5\" data-element_type=\"widget\" data-e-type=\"widget\" data-widget_type=\"divider.default\">\n\t\t\t\t<div class=\"elementor-widget-container\">\n\t\t\t\t\t\t\t<div class=\"elementor-divider\">\n\t\t\t<span class=\"elementor-divider-separator\">\n\t\t\t\t\t\t<\/span>\n\t\t<\/div>\n\t\t\t\t\t\t<\/div>\n\t\t\t\t<\/div>\n\t\t\t\t<div class=\"elementor-element elementor-element-fad30af elementor-widget elementor-widget-text-editor\" data-id=\"fad30af\" data-element_type=\"widget\" data-e-type=\"widget\" data-widget_type=\"text-editor.default\">\n\t\t\t\t<div class=\"elementor-widget-container\">\n\t\t\t\t\t\t\t\t\t<h3>Folgen Sie Jongia Mixing Technology<\/h3>\t\t\t\t\t\t\t\t<\/div>\n\t\t\t\t<\/div>\n\t\t\t\t<div class=\"elementor-element elementor-element-a419ef0 elementor-shape-rounded elementor-grid-0 e-grid-align-center elementor-widget elementor-widget-social-icons\" data-id=\"a419ef0\" data-element_type=\"widget\" data-e-type=\"widget\" data-widget_type=\"social-icons.default\">\n\t\t\t\t<div class=\"elementor-widget-container\">\n\t\t\t\t\t\t\t<div class=\"elementor-social-icons-wrapper elementor-grid\" role=\"list\">\n\t\t\t\t\t\t\t<span class=\"elementor-grid-item\" role=\"listitem\">\n\t\t\t\t\t<a class=\"elementor-icon elementor-social-icon elementor-social-icon-linkedin elementor-repeater-item-311921d\" href=\"https:\/\/www.linkedin.com\/company\/jongia-mixing-technology\/\" target=\"_blank\">\n\t\t\t\t\t\t<span class=\"elementor-screen-only\">Linkedin<\/span>\n\t\t\t\t\t\t<i aria-hidden=\"true\" class=\"fab fa-linkedin\"><\/i>\t\t\t\t\t<\/a>\n\t\t\t\t<\/span>\n\t\t\t\t\t\t\t<span class=\"elementor-grid-item\" role=\"listitem\">\n\t\t\t\t\t<a class=\"elementor-icon elementor-social-icon elementor-social-icon-facebook elementor-repeater-item-2dad5ba\" href=\"https:\/\/www.facebook.com\/jongiamixingtechnology\" target=\"_blank\">\n\t\t\t\t\t\t<span class=\"elementor-screen-only\">Facebook<\/span>\n\t\t\t\t\t\t<i aria-hidden=\"true\" class=\"fab fa-facebook\"><\/i>\t\t\t\t\t<\/a>\n\t\t\t\t<\/span>\n\t\t\t\t\t\t\t<span class=\"elementor-grid-item\" role=\"listitem\">\n\t\t\t\t\t<a class=\"elementor-icon elementor-social-icon elementor-social-icon-youtube elementor-repeater-item-72ffd45\" href=\"https:\/\/www.youtube.com\/user\/JONGIAMIXING\" target=\"_blank\">\n\t\t\t\t\t\t<span class=\"elementor-screen-only\">Youtube<\/span>\n\t\t\t\t\t\t<i aria-hidden=\"true\" class=\"fab fa-youtube\"><\/i>\t\t\t\t\t<\/a>\n\t\t\t\t<\/span>\n\t\t\t\t\t\t\t<span class=\"elementor-grid-item\" role=\"listitem\">\n\t\t\t\t\t<a class=\"elementor-icon elementor-social-icon elementor-social-icon-vimeo elementor-repeater-item-30f8da3\" href=\"https:\/\/vimeo.com\/jongia\" target=\"_blank\">\n\t\t\t\t\t\t<span class=\"elementor-screen-only\">Vimeo<\/span>\n\t\t\t\t\t\t<i aria-hidden=\"true\" class=\"fab fa-vimeo\"><\/i>\t\t\t\t\t<\/a>\n\t\t\t\t<\/span>\n\t\t\t\t\t<\/div>\n\t\t\t\t\t\t<\/div>\n\t\t\t\t<\/div>\n\t\t\t\t\t<\/div>\n\t\t<\/div>\n\t\t\t\t\t<\/div>\n\t\t<\/section>\n\t\t\t\t<section class=\"elementor-section elementor-top-section elementor-element elementor-element-0c05691 elementor-section-boxed elementor-section-height-default elementor-section-height-default\" data-id=\"0c05691\" data-element_type=\"section\" data-e-type=\"section\">\n\t\t\t\t\t\t<div class=\"elementor-container elementor-column-gap-default\">\n\t\t\t\t\t<div class=\"elementor-column elementor-col-100 elementor-top-column elementor-element elementor-element-3c476f6\" data-id=\"3c476f6\" data-element_type=\"column\" data-e-type=\"column\">\n\t\t\t<div class=\"elementor-widget-wrap elementor-element-populated\">\n\t\t\t\t\t\t<div class=\"elementor-element elementor-element-f05399a elementor-widget elementor-widget-template\" data-id=\"f05399a\" data-element_type=\"widget\" data-e-type=\"widget\" data-widget_type=\"template.default\">\n\t\t\t\t<div class=\"elementor-widget-container\">\n\t\t\t\t\t\t\t<div class=\"elementor-template\">\n\t\t\t\t\t<div data-elementor-type=\"section\" data-elementor-id=\"25450\" class=\"elementor elementor-25450 elementor-13813 elementor-13813\" data-elementor-post-type=\"elementor_library\">\n\t\t\t\t\t<section class=\"elementor-section elementor-top-section elementor-element elementor-element-8f6d8d3 elementor-section-boxed elementor-section-height-default elementor-section-height-default\" data-id=\"8f6d8d3\" data-element_type=\"section\" data-e-type=\"section\">\n\t\t\t\t\t\t<div class=\"elementor-container elementor-column-gap-default\">\n\t\t\t\t\t<div class=\"elementor-column elementor-col-100 elementor-top-column elementor-element elementor-element-1c10c18\" data-id=\"1c10c18\" data-element_type=\"column\" data-e-type=\"column\">\n\t\t\t<div class=\"elementor-widget-wrap elementor-element-populated\">\n\t\t\t\t\t\t<div class=\"elementor-element elementor-element-c89938b elementor-widget-divider--view-line elementor-widget elementor-widget-divider\" data-id=\"c89938b\" data-element_type=\"widget\" data-e-type=\"widget\" data-widget_type=\"divider.default\">\n\t\t\t\t<div class=\"elementor-widget-container\">\n\t\t\t\t\t\t\t<div class=\"elementor-divider\">\n\t\t\t<span class=\"elementor-divider-separator\">\n\t\t\t\t\t\t<\/span>\n\t\t<\/div>\n\t\t\t\t\t\t<\/div>\n\t\t\t\t<\/div>\n\t\t\t\t<div class=\"elementor-element elementor-element-ad037ef elementor-widget elementor-widget-text-editor\" data-id=\"ad037ef\" data-element_type=\"widget\" data-e-type=\"widget\" data-widget_type=\"text-editor.default\">\n\t\t\t\t<div class=\"elementor-widget-container\">\n\t\t\t\t\t\t\t\t\t<h3>Beliebte Beitr\u00e4ge<\/h3>\t\t\t\t\t\t\t\t<\/div>\n\t\t\t\t<\/div>\n\t\t\t\t<div class=\"elementor-element elementor-element-8f6823d elementor-grid-3 elementor-grid-tablet-2 elementor-grid-mobile-1 elementor-posts--thumbnail-top elementor-card-shadow-yes elementor-posts__hover-gradient load-more-align-center elementor-widget elementor-widget-posts\" data-id=\"8f6823d\" data-element_type=\"widget\" data-e-type=\"widget\" data-settings=\"{&quot;pagination_type&quot;:&quot;load_more_on_click&quot;,&quot;cards_columns&quot;:&quot;3&quot;,&quot;cards_columns_tablet&quot;:&quot;2&quot;,&quot;cards_columns_mobile&quot;:&quot;1&quot;,&quot;cards_row_gap&quot;:{&quot;unit&quot;:&quot;px&quot;,&quot;size&quot;:35,&quot;sizes&quot;:[]},&quot;cards_row_gap_tablet&quot;:{&quot;unit&quot;:&quot;px&quot;,&quot;size&quot;:&quot;&quot;,&quot;sizes&quot;:[]},&quot;cards_row_gap_mobile&quot;:{&quot;unit&quot;:&quot;px&quot;,&quot;size&quot;:&quot;&quot;,&quot;sizes&quot;:[]},&quot;load_more_spinner&quot;:{&quot;value&quot;:&quot;fas fa-spinner&quot;,&quot;library&quot;:&quot;fa-solid&quot;}}\" data-widget_type=\"posts.cards\">\n\t\t\t\t<div class=\"elementor-widget-container\">\n\t\t\t\t\t\t\t<div class=\"elementor-posts-container elementor-posts elementor-posts--skin-cards elementor-grid\" role=\"list\">\n\t\t\t\t<article class=\"elementor-post elementor-grid-item post-26032 post type-post status-publish format-standard has-post-thumbnail hentry category-jongia-team-de category-ueber-jongia tag-nach-dem-verkauf\" role=\"listitem\">\n\t\t\t<div class=\"elementor-post__card\">\n\t\t\t\t<a class=\"elementor-post__thumbnail__link\" href=\"https:\/\/www.jongia.com\/de\/ueber-jongia\/jongia-staerkt-service-und-wartung-fuer-industrielle-mischanlagen\/\" tabindex=\"-1\" ><div class=\"elementor-post__thumbnail\"><img decoding=\"async\" width=\"300\" height=\"154\" src=\"https:\/\/www.jongia.com\/wp-content\/uploads\/2026\/03\/Jongia-service-300x154.jpg\" class=\"attachment-medium size-medium wp-image-26033\" alt=\"Links lenken Arbeiter in orangefarbenen Sicherheitsjacken einen gro\u00dfen Industriemischer, der von einem Kran angehoben wird. Rechts installieren die Arbeiter die Ger\u00e4te auf einem Dach neben dem Logo &quot;Jongia Mixing Technology&quot;. Der Himmel ist bedeckt.\" srcset=\"https:\/\/www.jongia.com\/wp-content\/uploads\/2026\/03\/Jongia-service-300x154.jpg 300w, https:\/\/www.jongia.com\/wp-content\/uploads\/2026\/03\/Jongia-service-1024x526.jpg 1024w, https:\/\/www.jongia.com\/wp-content\/uploads\/2026\/03\/Jongia-service-768x394.jpg 768w, https:\/\/www.jongia.com\/wp-content\/uploads\/2026\/03\/Jongia-service.jpg 1500w\" sizes=\"(max-width: 300px) 100vw, 300px\" \/><\/div><\/a>\n\t\t\t\t<div class=\"elementor-post__text\">\n\t\t\t\t<h3 class=\"elementor-post__title\">\n\t\t\t<a href=\"https:\/\/www.jongia.com\/de\/ueber-jongia\/jongia-staerkt-service-und-wartung-fuer-industrielle-mischanlagen\/\" >\n\t\t\t\tJongia st\u00e4rkt Service und Wartung f\u00fcr industrielle Mischanlagen\t\t\t<\/a>\n\t\t<\/h3>\n\t\t\t\t<div class=\"elementor-post__excerpt\">\n\t\t\t<p>Jongia Mixing Technology erweitert sein Service- und Wartungsangebot weiter, um Kunden weltweit dabei zu unterst\u00fctzen, die Verf\u00fcgbarkeit in ihren Produktionsprozessen zu maximieren. Mit \u00fcber 85 Jahren Erfahrung in der Mischtechnik bietet Jongia ein umfassendes Dienstleistungsspektrum an \u2013 von Installation und<\/p>\n\t\t<\/div>\n\t\t\n\t\t<a class=\"elementor-post__read-more\" href=\"https:\/\/www.jongia.com\/de\/ueber-jongia\/jongia-staerkt-service-und-wartung-fuer-industrielle-mischanlagen\/\" aria-label=\"Mehr \u00fcber Jongia st\u00e4rkt Service und Wartung f\u00fcr industrielle Mischanlagen\" tabindex=\"-1\" >\n\t\t\tMehr lesen \"\t\t<\/a>\n\n\t\t\t\t<\/div>\n\t\t\t\t\t<\/div>\n\t\t<\/article>\n\t\t\t\t<article class=\"elementor-post elementor-grid-item post-21587 post type-post status-publish format-standard has-post-thumbnail hentry category-ueber-jongia\" role=\"listitem\">\n\t\t\t<div class=\"elementor-post__card\">\n\t\t\t\t<a class=\"elementor-post__thumbnail__link\" href=\"https:\/\/www.jongia.com\/de\/ueber-jongia\/jongia-joins-bestart-with-liquidz\/\" tabindex=\"-1\" ><div class=\"elementor-post__thumbnail\"><img fetchpriority=\"high\" decoding=\"async\" width=\"300\" height=\"200\" src=\"https:\/\/www.jongia.com\/wp-content\/uploads\/2025\/07\/Jongia-Mixing-Technology-joins-BeStart-Startup-Scaleup-Programme-with-Liquidz-300x200.jpg\" class=\"attachment-medium size-medium wp-image-21579\" alt=\"Zwei Personen sitzen im Freien auf einer Veranda mit B\u00e4umen im Hintergrund. Ein gr\u00fcnes Banner mit einem Blatt und Jongia schlie\u00dft sich dem BeStart-Programm an, wobei Ideen mit Liquidz gemischt werden, und das Jongia-Logo erscheint am unteren Rand des Bildes.\" srcset=\"https:\/\/www.jongia.com\/wp-content\/uploads\/2025\/07\/Jongia-Mixing-Technology-joins-BeStart-Startup-Scaleup-Programme-with-Liquidz-300x200.jpg 300w, https:\/\/www.jongia.com\/wp-content\/uploads\/2025\/07\/Jongia-Mixing-Technology-joins-BeStart-Startup-Scaleup-Programme-with-Liquidz-1024x683.jpg 1024w, https:\/\/www.jongia.com\/wp-content\/uploads\/2025\/07\/Jongia-Mixing-Technology-joins-BeStart-Startup-Scaleup-Programme-with-Liquidz-768x512.jpg 768w, https:\/\/www.jongia.com\/wp-content\/uploads\/2025\/07\/Jongia-Mixing-Technology-joins-BeStart-Startup-Scaleup-Programme-with-Liquidz.jpg 1200w\" sizes=\"(max-width: 300px) 100vw, 300px\" \/><\/div><\/a>\n\t\t\t\t<div class=\"elementor-post__text\">\n\t\t\t\t<h3 class=\"elementor-post__title\">\n\t\t\t<a href=\"https:\/\/www.jongia.com\/de\/ueber-jongia\/jongia-joins-bestart-with-liquidz\/\" >\n\t\t\t\tJongia Mixing Technology nimmt zusammen mit Liquidz am BeStart Startup &amp; Scaleup Programm teil\t\t\t<\/a>\n\t\t<\/h3>\n\t\t\t\t<div class=\"elementor-post__excerpt\">\n\t\t\t<p>Wir sind stolz, mitteilen zu k\u00f6nnen, dass Jongia Mixing Technology ausgew\u00e4hlt wurde, um am BeStart Startup &amp; Scaleup Programm mit unserem neuesten Innovationsprojekt teilzunehmen: Liquidz. Wir stellen vor: Liquidz: Echtzeit-Intelligenz im Mischtank Wir bei Jongia haben uns auf die Entwicklung<\/p>\n\t\t<\/div>\n\t\t\n\t\t<a class=\"elementor-post__read-more\" href=\"https:\/\/www.jongia.com\/de\/ueber-jongia\/jongia-joins-bestart-with-liquidz\/\" aria-label=\"Mehr \u00fcber Jongia Mixing Technology nimmt zusammen mit Liquidz am BeStart Startup &amp; Scaleup Programm teil\" tabindex=\"-1\" >\n\t\t\tMehr lesen \"\t\t<\/a>\n\n\t\t\t\t<\/div>\n\t\t\t\t\t<\/div>\n\t\t<\/article>\n\t\t\t\t<article class=\"elementor-post elementor-grid-item post-21449 post type-post status-publish format-standard has-post-thumbnail hentry category-mischelement category-produkte\" role=\"listitem\">\n\t\t\t<div class=\"elementor-post__card\">\n\t\t\t\t<a class=\"elementor-post__thumbnail__link\" href=\"https:\/\/www.jongia.com\/de\/produkte\/doppeltwirkende-axialturbine-typ-ast-mte-mischelement\/\" tabindex=\"-1\" ><div class=\"elementor-post__thumbnail\"><img decoding=\"async\" width=\"300\" height=\"169\" src=\"https:\/\/www.jongia.com\/wp-content\/uploads\/2025\/05\/Axial-Flow-Turbine-MTE-300x169.jpg\" class=\"attachment-medium size-medium wp-image-21444\" alt=\"Axial Flow Turbine\" srcset=\"https:\/\/www.jongia.com\/wp-content\/uploads\/2025\/05\/Axial-Flow-Turbine-MTE-300x169.jpg 300w, https:\/\/www.jongia.com\/wp-content\/uploads\/2025\/05\/Axial-Flow-Turbine-MTE-1024x576.jpg 1024w, https:\/\/www.jongia.com\/wp-content\/uploads\/2025\/05\/Axial-Flow-Turbine-MTE-768x432.jpg 768w, https:\/\/www.jongia.com\/wp-content\/uploads\/2025\/05\/Axial-Flow-Turbine-MTE-1536x865.jpg 1536w, https:\/\/www.jongia.com\/wp-content\/uploads\/2025\/05\/Axial-Flow-Turbine-MTE.jpg 1558w\" sizes=\"(max-width: 300px) 100vw, 300px\" \/><\/div><\/a>\n\t\t\t\t<div class=\"elementor-post__text\">\n\t\t\t\t<h3 class=\"elementor-post__title\">\n\t\t\t<a href=\"https:\/\/www.jongia.com\/de\/produkte\/doppeltwirkende-axialturbine-typ-ast-mte-mischelement\/\" >\n\t\t\t\tDie doppeltwirkende Axialturbine Typ AST-MTE Mischelement\t\t\t<\/a>\n\t\t<\/h3>\n\t\t\t\t<div class=\"elementor-post__excerpt\">\n\t\t\t<p>Betrieb eines AST-MTE-Elements Betrieb eines AST-MTE-Elements Dieses Element kann sowohl im Uhrzeigersinn (CW) als auch gegen den Uhrzeigersinn (CCW) eingesetzt werden. Im einen Fall pumpt das innere AST-Element nach unten und die \u00e4u\u00dferen Spitzen nach oben, im anderen Fall ist<\/p>\n\t\t<\/div>\n\t\t\n\t\t<a class=\"elementor-post__read-more\" href=\"https:\/\/www.jongia.com\/de\/produkte\/doppeltwirkende-axialturbine-typ-ast-mte-mischelement\/\" aria-label=\"Mehr \u00fcber Die doppeltwirkende Axialturbine Typ AST-MTE Mischelement\" tabindex=\"-1\" >\n\t\t\tMehr lesen \"\t\t<\/a>\n\n\t\t\t\t<\/div>\n\t\t\t\t\t<\/div>\n\t\t<\/article>\n\t\t\t\t<\/div>\n\t\t\t\t\t<span class=\"e-load-more-spinner\">\n\t\t\t\t<i aria-hidden=\"true\" class=\"fas fa-spinner\"><\/i>\t\t\t<\/span>\n\t\t\n\t\t\t\t<div class=\"e-load-more-anchor\" data-page=\"1\" data-max-page=\"50\" data-next-page=\"https:\/\/www.jongia.com\/de\/wp-json\/wp\/v2\/pages\/25475\/page\/2\/\"><\/div>\n\t\t\t\t<div class=\"elementor-button-wrapper\">\n\t\t\t<a class=\"elementor-button elementor-size-sm\" role=\"button\">\n\t\t\t\t\t\t<span class=\"elementor-button-content-wrapper\">\n\t\t\t\t\t\t\t<span class=\"elementor-button-icon\">\n\t\t\t\t<i aria-hidden=\"true\" class=\"icon icon-right-arrow1\"><\/i>\t\t\t<\/span>\n\t\t\t\t\t\t\t\t\t<span class=\"elementor-button-text\">Weitere Artikel<\/span>\n\t\t\t\t\t<\/span>\n\t\t\t\t\t<\/a>\n\t\t<\/div>\n\t\t\t\t<div class=\"e-load-more-message\"><\/div>\n\t\t\t\t\t\t<\/div>\n\t\t\t\t<\/div>\n\t\t\t\t\t<\/div>\n\t\t<\/div>\n\t\t\t\t\t<\/div>\n\t\t<\/section>\n\t\t\t\t<\/div>\n\t\t\t\t<\/div>\n\t\t\t\t\t\t<\/div>\n\t\t\t\t<\/div>\n\t\t\t\t\t<\/div>\n\t\t<\/div>\n\t\t\t\t\t<\/div>\n\t\t<\/section>\n\t\t\t\t<\/div>\n\t\t","protected":false},"excerpt":{"rendered":"<p>Vielen Dank f\u00fcr Ihr Feedback Ihr Feedback ist f\u00fcr uns sehr wertvoll und wird uns helfen, unsere Produkte und Dienstleistungen weiter zu verbessern, um Ihren Bed\u00fcrfnissen besser gerecht zu werden. Ihre Bereitschaft, uns Ihre Gedanken und Erfahrungen mitzuteilen, zeigt, dass [&hellip;]<\/p>\n","protected":false},"author":1,"featured_media":0,"parent":25501,"menu_order":0,"comment_status":"closed","ping_status":"closed","template":"","meta":{"_acf_changed":false,"site-sidebar-layout":"no-sidebar","site-content-layout":"page-builder","ast-site-content-layout":"default","site-content-style":"default","site-sidebar-style":"default","ast-global-header-display":"","ast-banner-title-visibility":"","ast-main-header-display":"","ast-hfb-above-header-display":"","ast-hfb-below-header-display":"","ast-hfb-mobile-header-display":"","site-post-title":"disabled","ast-breadcrumbs-content":"","ast-featured-img":"disabled","footer-sml-layout":"","ast-disable-related-posts":"","theme-transparent-header-meta":"default","adv-header-id-meta":"","stick-header-meta":"default","header-above-stick-meta":"","header-main-stick-meta":"","header-below-stick-meta":"","astra-migrate-meta-layouts":"default","ast-page-background-enabled":"default","ast-page-background-meta":{"desktop":{"background-color":"var(--ast-global-color-4)","background-image":"","background-repeat":"repeat","background-position":"center center","background-size":"auto","background-attachment":"scroll","background-type":"","background-media":"","overlay-type":"","overlay-color":"","overlay-opacity":"","overlay-gradient":""},"tablet":{"background-color":"","background-image":"","background-repeat":"repeat","background-position":"center center","background-size":"auto","background-attachment":"scroll","background-type":"","background-media":"","overlay-type":"","overlay-color":"","overlay-opacity":"","overlay-gradient":""},"mobile":{"background-color":"","background-image":"","background-repeat":"repeat","background-position":"center center","background-size":"auto","background-attachment":"scroll","background-type":"","background-media":"","overlay-type":"","overlay-color":"","overlay-opacity":"","overlay-gradient":""}},"ast-content-background-meta":{"desktop":{"background-color":"var(--ast-global-color-5)","background-image":"","background-repeat":"repeat","background-position":"center center","background-size":"auto","background-attachment":"scroll","background-type":"","background-media":"","overlay-type":"","overlay-color":"","overlay-opacity":"","overlay-gradient":""},"tablet":{"background-color":"var(--ast-global-color-5)","background-image":"","background-repeat":"repeat","background-position":"center center","background-size":"auto","background-attachment":"scroll","background-type":"","background-media":"","overlay-type":"","overlay-color":"","overlay-opacity":"","overlay-gradient":""},"mobile":{"background-color":"var(--ast-global-color-5)","background-image":"","background-repeat":"repeat","background-position":"center center","background-size":"auto","background-attachment":"scroll","background-type":"","background-media":"","overlay-type":"","overlay-color":"","overlay-opacity":"","overlay-gradient":""}},"footnotes":""},"class_list":["post-25475","page","type-page","status-publish","hentry"],"acf":[],"_links":{"self":[{"href":"https:\/\/www.jongia.com\/de\/wp-json\/wp\/v2\/pages\/25475","targetHints":{"allow":["GET"]}}],"collection":[{"href":"https:\/\/www.jongia.com\/de\/wp-json\/wp\/v2\/pages"}],"about":[{"href":"https:\/\/www.jongia.com\/de\/wp-json\/wp\/v2\/types\/page"}],"author":[{"embeddable":true,"href":"https:\/\/www.jongia.com\/de\/wp-json\/wp\/v2\/users\/1"}],"replies":[{"embeddable":true,"href":"https:\/\/www.jongia.com\/de\/wp-json\/wp\/v2\/comments?post=25475"}],"version-history":[{"count":1,"href":"https:\/\/www.jongia.com\/de\/wp-json\/wp\/v2\/pages\/25475\/revisions"}],"predecessor-version":[{"id":25477,"href":"https:\/\/www.jongia.com\/de\/wp-json\/wp\/v2\/pages\/25475\/revisions\/25477"}],"up":[{"embeddable":true,"href":"https:\/\/www.jongia.com\/de\/wp-json\/wp\/v2\/pages\/25501"}],"wp:attachment":[{"href":"https:\/\/www.jongia.com\/de\/wp-json\/wp\/v2\/media?parent=25475"}],"curies":[{"name":"wp","href":"https:\/\/api.w.org\/{rel}","templated":true}]}}