{"id":23669,"date":"2022-11-24T09:58:42","date_gmt":"2022-11-24T08:58:42","guid":{"rendered":"https:\/\/www.jongia.com\/melange-des-elements\/flatblade\/"},"modified":"2026-04-07T09:43:49","modified_gmt":"2026-04-07T07:43:49","slug":"pales-plates","status":"publish","type":"page","link":"https:\/\/www.jongia.com\/fr\/produits\/mobiles-d-agitation\/pales-plates\/","title":{"rendered":"Pales plates"},"content":{"rendered":"\t\t<div data-elementor-type=\"wp-page\" data-elementor-id=\"23669\" class=\"elementor elementor-23669 elementor-9573\" data-elementor-post-type=\"page\">\n\t\t\t\t\t\t<section class=\"elementor-section elementor-top-section elementor-element elementor-element-ad39376 elementor-section-boxed elementor-section-height-default elementor-section-height-default\" data-id=\"ad39376\" data-element_type=\"section\" data-e-type=\"section\">\n\t\t\t\t\t\t<div class=\"elementor-container elementor-column-gap-default\">\n\t\t\t\t\t<div class=\"elementor-column elementor-col-100 elementor-top-column elementor-element elementor-element-1cbfd40\" data-id=\"1cbfd40\" data-element_type=\"column\" data-e-type=\"column\">\n\t\t\t<div class=\"elementor-widget-wrap elementor-element-populated\">\n\t\t\t\t\t\t<div class=\"elementor-element elementor-element-075a8d6 elementor-widget elementor-widget-spacer\" data-id=\"075a8d6\" data-element_type=\"widget\" data-e-type=\"widget\" data-widget_type=\"spacer.default\">\n\t\t\t\t<div class=\"elementor-widget-container\">\n\t\t\t\t\t\t\t<div class=\"elementor-spacer\">\n\t\t\t<div class=\"elementor-spacer-inner\"><\/div>\n\t\t<\/div>\n\t\t\t\t\t\t<\/div>\n\t\t\t\t<\/div>\n\t\t\t\t<div class=\"elementor-element elementor-element-3211a45 elementor-widget elementor-widget-text-editor\" data-id=\"3211a45\" data-element_type=\"widget\" data-e-type=\"widget\" data-widget_type=\"text-editor.default\">\n\t\t\t\t<div class=\"elementor-widget-container\">\n\t\t\t\t\t\t\t\t\t<h1>\u00c9l\u00e9ment de m\u00e9lange \u00e0 Pales plates<\/h1>\t\t\t\t\t\t\t\t<\/div>\n\t\t\t\t<\/div>\n\t\t\t\t<div class=\"elementor-element elementor-element-5630e4c elementor-widget elementor-widget-spacer\" data-id=\"5630e4c\" data-element_type=\"widget\" data-e-type=\"widget\" data-widget_type=\"spacer.default\">\n\t\t\t\t<div class=\"elementor-widget-container\">\n\t\t\t\t\t\t\t<div class=\"elementor-spacer\">\n\t\t\t<div class=\"elementor-spacer-inner\"><\/div>\n\t\t<\/div>\n\t\t\t\t\t\t<\/div>\n\t\t\t\t<\/div>\n\t\t\t\t\t<\/div>\n\t\t<\/div>\n\t\t\t\t\t<\/div>\n\t\t<\/section>\n\t\t\t\t<section class=\"elementor-section elementor-top-section elementor-element elementor-element-99d8e69 elementor-section-boxed elementor-section-height-default elementor-section-height-default\" data-id=\"99d8e69\" data-element_type=\"section\" data-e-type=\"section\">\n\t\t\t\t\t\t<div class=\"elementor-container elementor-column-gap-default\">\n\t\t\t\t\t<div class=\"elementor-column elementor-col-50 elementor-top-column elementor-element elementor-element-b4b4b19\" data-id=\"b4b4b19\" data-element_type=\"column\" data-e-type=\"column\">\n\t\t\t<div class=\"elementor-widget-wrap\">\n\t\t\t\t\t\t\t<\/div>\n\t\t<\/div>\n\t\t\t\t<div class=\"elementor-column elementor-col-50 elementor-top-column elementor-element elementor-element-e0cbb81\" data-id=\"e0cbb81\" data-element_type=\"column\" data-e-type=\"column\">\n\t\t\t<div class=\"elementor-widget-wrap elementor-element-populated\">\n\t\t\t\t\t\t<div class=\"elementor-element elementor-element-0f6dc4d elementor-widget elementor-widget-image\" data-id=\"0f6dc4d\" data-element_type=\"widget\" data-e-type=\"widget\" data-widget_type=\"image.default\">\n\t\t\t\t<div class=\"elementor-widget-container\">\n\t\t\t\t\t\t\t\t\t\t\t\t\t\t\t<img fetchpriority=\"high\" decoding=\"async\" width=\"1000\" height=\"1000\" src=\"https:\/\/www.jongia.com\/wp-content\/uploads\/2022\/05\/Mixing-Element-Flatblade.png\" class=\"attachment-large size-large wp-image-22454\" alt=\"Lame plate \u00e0 \u00e9l\u00e9ment de m\u00e9lange\" srcset=\"https:\/\/www.jongia.com\/wp-content\/uploads\/2022\/05\/Mixing-Element-Flatblade.png 1000w, https:\/\/www.jongia.com\/wp-content\/uploads\/2022\/05\/Mixing-Element-Flatblade-300x300.png 300w, https:\/\/www.jongia.com\/wp-content\/uploads\/2022\/05\/Mixing-Element-Flatblade-150x150.png 150w, https:\/\/www.jongia.com\/wp-content\/uploads\/2022\/05\/Mixing-Element-Flatblade-768x768.png 768w\" sizes=\"(max-width: 1000px) 100vw, 1000px\" \/>\t\t\t\t\t\t\t\t\t\t\t\t\t\t\t<\/div>\n\t\t\t\t<\/div>\n\t\t\t\t\t<\/div>\n\t\t<\/div>\n\t\t\t\t\t<\/div>\n\t\t<\/section>\n\t\t<div class=\"elementor-element elementor-element-627312f e-flex e-con-boxed e-con e-parent\" data-id=\"627312f\" data-element_type=\"container\" data-e-type=\"container\">\n\t\t\t\t\t<div class=\"e-con-inner\">\n\t\t\t\t<div class=\"elementor-element elementor-element-9155d6e elementor-widget elementor-widget-template\" data-id=\"9155d6e\" data-element_type=\"widget\" data-e-type=\"widget\" data-widget_type=\"template.default\">\n\t\t\t\t<div class=\"elementor-widget-container\">\n\t\t\t\t\t\t\t<div class=\"elementor-template\">\n\t\t\t\t\t<div data-elementor-type=\"section\" data-elementor-id=\"22494\" class=\"elementor elementor-22494 elementor-20758 elementor-20758\" data-elementor-post-type=\"elementor_library\">\n\t\t\t<div class=\"elementor-element elementor-element-986606b e-flex e-con-boxed e-con e-parent\" data-id=\"986606b\" data-element_type=\"container\" data-e-type=\"container\" data-settings=\"{&quot;background_background&quot;:&quot;classic&quot;}\">\n\t\t\t\t\t<div class=\"e-con-inner\">\n\t\t\t\t<div class=\"elementor-element elementor-element-207c14f elementor-widget elementor-widget-menu-anchor\" data-id=\"207c14f\" data-element_type=\"widget\" data-e-type=\"widget\" data-widget_type=\"menu-anchor.default\">\n\t\t\t\t<div class=\"elementor-widget-container\">\n\t\t\t\t\t\t\t<div class=\"elementor-menu-anchor\" id=\"FAQ\"><\/div>\n\t\t\t\t\t\t<\/div>\n\t\t\t\t<\/div>\n\t\t\t\t<div class=\"elementor-element elementor-element-ddc4e76 elementor-widget elementor-widget-heading\" data-id=\"ddc4e76\" data-element_type=\"widget\" data-e-type=\"widget\" data-widget_type=\"heading.default\">\n\t\t\t\t<div class=\"elementor-widget-container\">\n\t\t\t\t\t<h2 class=\"elementor-heading-title elementor-size-default\">Questions fr\u00e9quemment pos\u00e9es<\/h2>\t\t\t\t<\/div>\n\t\t\t\t<\/div>\n\t\t\t\t<div class=\"elementor-element elementor-element-137bf4a elementor-widget elementor-widget-n-accordion\" data-id=\"137bf4a\" data-element_type=\"widget\" data-e-type=\"widget\" data-settings=\"{&quot;default_state&quot;:&quot;expanded&quot;,&quot;max_items_expended&quot;:&quot;one&quot;,&quot;n_accordion_animation_duration&quot;:{&quot;unit&quot;:&quot;ms&quot;,&quot;size&quot;:400,&quot;sizes&quot;:[]}}\" data-widget_type=\"nested-accordion.default\">\n\t\t\t\t<div class=\"elementor-widget-container\">\n\t\t\t\t\t\t\t<div class=\"e-n-accordion\" aria-label=\"Accordion. Open links with Enter or Space, close with Escape, and navigate with Arrow Keys\">\n\t\t\t\t\t\t<details id=\"e-n-accordion-item-2040\" class=\"e-n-accordion-item\" open>\n\t\t\t\t<summary class=\"e-n-accordion-item-title\" data-accordion-index=\"1\" tabindex=\"0\" aria-expanded=\"true\" aria-controls=\"e-n-accordion-item-2040\" >\n\t\t\t\t\t<span class='e-n-accordion-item-title-header'><h3 class=\"e-n-accordion-item-title-text\"> Qu\u2019est-ce que l\u2019\u00e9l\u00e9ment de m\u00e9lange de la Pales plates ? <\/h3><\/span>\n\t\t\t\t\t\t\t<span class='e-n-accordion-item-title-icon'>\n\t\t\t<span class='e-opened' ><i aria-hidden=\"true\" class=\"fas fa-minus\"><\/i><\/span>\n\t\t\t<span class='e-closed'><i aria-hidden=\"true\" class=\"fas fa-plus\"><\/i><\/span>\n\t\t<\/span>\n\n\t\t\t\t\t\t<\/summary>\n\t\t\t\t<div role=\"region\" aria-labelledby=\"e-n-accordion-item-2040\" class=\"elementor-element elementor-element-63e0bb5 e-con-full e-flex e-con e-child\" data-id=\"63e0bb5\" data-element_type=\"container\" data-e-type=\"container\">\n\t\t\t\t<div class=\"elementor-element elementor-element-7412b00 elementor-widget elementor-widget-text-editor\" data-id=\"7412b00\" data-element_type=\"widget\" data-e-type=\"widget\" data-widget_type=\"text-editor.default\">\n\t\t\t\t<div class=\"elementor-widget-container\">\n\t\t\t\t\t\t\t\t\t<p>L\u2019\u00e9l\u00e9ment de m\u00e9lange \u00e0 Pales plates est un outil sp\u00e9cialis\u00e9 con\u00e7u pour un m\u00e9lange efficace dans diverses applications. Sa forme unique de Pales plates permet un m\u00e9lange soign\u00e9 des mat\u00e9riaux, garantissant un produit coh\u00e9rent. Cet \u00e9l\u00e9ment est id\u00e9al pour un usage industriel et commercial, augmentant la productivit\u00e9 dans les t\u00e2ches de m\u00e9lange.<\/p>\n\t\t\t\t\t\t\t\t<\/div>\n\t\t\t\t<\/div>\n\t\t\t\t<\/div>\n\t\t\t\t\t<\/details>\n\t\t\t\t\t\t<details id=\"e-n-accordion-item-2041\" class=\"e-n-accordion-item\" >\n\t\t\t\t<summary class=\"e-n-accordion-item-title\" data-accordion-index=\"2\" tabindex=\"-1\" aria-expanded=\"false\" aria-controls=\"e-n-accordion-item-2041\" >\n\t\t\t\t\t<span class='e-n-accordion-item-title-header'><h3 class=\"e-n-accordion-item-title-text\"> Comment le design du Pales plates am\u00e9liore-t-il le m\u00e9lange ? <\/h3><\/span>\n\t\t\t\t\t\t\t<span class='e-n-accordion-item-title-icon'>\n\t\t\t<span class='e-opened' ><i aria-hidden=\"true\" class=\"fas fa-minus\"><\/i><\/span>\n\t\t\t<span class='e-closed'><i aria-hidden=\"true\" class=\"fas fa-plus\"><\/i><\/span>\n\t\t<\/span>\n\n\t\t\t\t\t\t<\/summary>\n\t\t\t\t<div role=\"region\" aria-labelledby=\"e-n-accordion-item-2041\" class=\"elementor-element elementor-element-8e6cf33 e-con-full e-flex e-con e-child\" data-id=\"8e6cf33\" data-element_type=\"container\" data-e-type=\"container\">\n\t\t\t\t<div class=\"elementor-element elementor-element-18b45dc elementor-widget elementor-widget-text-editor\" data-id=\"18b45dc\" data-element_type=\"widget\" data-e-type=\"widget\" data-widget_type=\"text-editor.default\">\n\t\t\t\t<div class=\"elementor-widget-container\">\n\t\t\t\t\t\t\t\t\t<p>Le design Pales plates pr\u00e9sente une forme profil\u00e9e qui cr\u00e9e des flux optimaux \u00e0 l\u2019int\u00e9rieur du r\u00e9cipient de m\u00e9lange. Cela favorise une homog\u00e9n\u00e9isation compl\u00e8te des mat\u00e9riaux, minimisant les zones mortes et garantissant une r\u00e9partition uniforme de tous les composants dans le m\u00e9lange pour de meilleurs r\u00e9sultats.<\/p>\n\t\t\t\t\t\t\t\t<\/div>\n\t\t\t\t<\/div>\n\t\t\t\t<\/div>\n\t\t\t\t\t<\/details>\n\t\t\t\t\t\t<details id=\"e-n-accordion-item-2042\" class=\"e-n-accordion-item\" >\n\t\t\t\t<summary class=\"e-n-accordion-item-title\" data-accordion-index=\"3\" tabindex=\"-1\" aria-expanded=\"false\" aria-controls=\"e-n-accordion-item-2042\" >\n\t\t\t\t\t<span class='e-n-accordion-item-title-header'><h3 class=\"e-n-accordion-item-title-text\"> Quels mat\u00e9riaux l\u2019\u00e9l\u00e9ment de m\u00e9lange Pales plates peut-il g\u00e9rer ? <\/h3><\/span>\n\t\t\t\t\t\t\t<span class='e-n-accordion-item-title-icon'>\n\t\t\t<span class='e-opened' ><i aria-hidden=\"true\" class=\"fas fa-minus\"><\/i><\/span>\n\t\t\t<span class='e-closed'><i aria-hidden=\"true\" class=\"fas fa-plus\"><\/i><\/span>\n\t\t<\/span>\n\n\t\t\t\t\t\t<\/summary>\n\t\t\t\t<div role=\"region\" aria-labelledby=\"e-n-accordion-item-2042\" class=\"elementor-element elementor-element-29f0197 e-con-full e-flex e-con e-child\" data-id=\"29f0197\" data-element_type=\"container\" data-e-type=\"container\">\n\t\t\t\t<div class=\"elementor-element elementor-element-5d4004d elementor-widget elementor-widget-text-editor\" data-id=\"5d4004d\" data-element_type=\"widget\" data-e-type=\"widget\" data-widget_type=\"text-editor.default\">\n\t\t\t\t<div class=\"elementor-widget-container\">\n\t\t\t\t\t\t\t\t\t<p>L\u2019\u00e9l\u00e9ment de m\u00e9lange Pales plates est polyvalent et peut g\u00e9rer une large gamme de mat\u00e9riaux, y compris des liquides, des p\u00e2tes et des suspensions. Sa construction robuste lui permet de bien fonctionner dans divers environnements, ce qui le rend adapt\u00e9 \u00e0 de nombreuses applications dans diff\u00e9rents secteurs.<\/p>\n\t\t\t\t\t\t\t\t<\/div>\n\t\t\t\t<\/div>\n\t\t\t\t<\/div>\n\t\t\t\t\t<\/details>\n\t\t\t\t\t\t<details id=\"e-n-accordion-item-2043\" class=\"e-n-accordion-item\" >\n\t\t\t\t<summary class=\"e-n-accordion-item-title\" data-accordion-index=\"4\" tabindex=\"-1\" aria-expanded=\"false\" aria-controls=\"e-n-accordion-item-2043\" >\n\t\t\t\t\t<span class='e-n-accordion-item-title-header'><h3 class=\"e-n-accordion-item-title-text\"> L\u2019\u00e9l\u00e9ment de m\u00e9lange Pales plates est-il facile \u00e0 nettoyer ? <\/h3><\/span>\n\t\t\t\t\t\t\t<span class='e-n-accordion-item-title-icon'>\n\t\t\t<span class='e-opened' ><i aria-hidden=\"true\" class=\"fas fa-minus\"><\/i><\/span>\n\t\t\t<span class='e-closed'><i aria-hidden=\"true\" class=\"fas fa-plus\"><\/i><\/span>\n\t\t<\/span>\n\n\t\t\t\t\t\t<\/summary>\n\t\t\t\t<div role=\"region\" aria-labelledby=\"e-n-accordion-item-2043\" class=\"elementor-element elementor-element-fa76391 e-con-full e-flex e-con e-child\" data-id=\"fa76391\" data-element_type=\"container\" data-e-type=\"container\">\n\t\t\t\t<div class=\"elementor-element elementor-element-1cbb777 elementor-widget elementor-widget-text-editor\" data-id=\"1cbb777\" data-element_type=\"widget\" data-e-type=\"widget\" data-widget_type=\"text-editor.default\">\n\t\t\t\t<div class=\"elementor-widget-container\">\n\t\t\t\t\t\t\t\t\t<p>Oui, l\u2019\u00e9l\u00e9ment de m\u00e9lange Pales plates est con\u00e7u pour un entretien et un nettoyage faciles. Ses surfaces lisses minimisent l\u2019accumulation de r\u00e9sidus, tandis que sa nature amovible permet un nettoyage approfondi dans les environnements de lavage, garantissant une hygi\u00e8ne et le respect des normes du secteur.<\/p>\n\t\t\t\t\t\t\t\t<\/div>\n\t\t\t\t<\/div>\n\t\t\t\t<\/div>\n\t\t\t\t\t<\/details>\n\t\t\t\t\t\t<details id=\"e-n-accordion-item-2044\" class=\"e-n-accordion-item\" >\n\t\t\t\t<summary class=\"e-n-accordion-item-title\" data-accordion-index=\"5\" tabindex=\"-1\" aria-expanded=\"false\" aria-controls=\"e-n-accordion-item-2044\" >\n\t\t\t\t\t<span class='e-n-accordion-item-title-header'><h3 class=\"e-n-accordion-item-title-text\"> L\u2019\u00e9l\u00e9ment de m\u00e9lange Pales plates peut-il \u00eatre personnalis\u00e9 ? <\/h3><\/span>\n\t\t\t\t\t\t\t<span class='e-n-accordion-item-title-icon'>\n\t\t\t<span class='e-opened' ><i aria-hidden=\"true\" class=\"fas fa-minus\"><\/i><\/span>\n\t\t\t<span class='e-closed'><i aria-hidden=\"true\" class=\"fas fa-plus\"><\/i><\/span>\n\t\t<\/span>\n\n\t\t\t\t\t\t<\/summary>\n\t\t\t\t<div role=\"region\" aria-labelledby=\"e-n-accordion-item-2044\" class=\"elementor-element elementor-element-813416c e-con-full e-flex e-con e-child\" data-id=\"813416c\" data-element_type=\"container\" data-e-type=\"container\">\n\t\t\t\t<div class=\"elementor-element elementor-element-d140889 elementor-widget elementor-widget-text-editor\" data-id=\"d140889\" data-element_type=\"widget\" data-e-type=\"widget\" data-widget_type=\"text-editor.default\">\n\t\t\t\t<div class=\"elementor-widget-container\">\n\t\t\t\t\t\t\t\t\t<p>Oui, l\u2019\u00e9l\u00e9ment de m\u00e9lange Pales plates peut \u00eatre personnalis\u00e9 pour r\u00e9pondre \u00e0 des exigences sp\u00e9cifiques de mixage. Selon l\u2019application, des variations de taille, de forme de Pales plates et de mat\u00e9riau peuvent \u00eatre r\u00e9alis\u00e9es pour optimiser les performances et r\u00e9pondre aux besoins sp\u00e9cifiques de votre proc\u00e9d\u00e9 de m\u00e9lange.<\/p>\n\t\t\t\t\t\t\t\t<\/div>\n\t\t\t\t<\/div>\n\t\t\t\t<\/div>\n\t\t\t\t\t<\/details>\n\t\t\t\t\t<\/div>\n\t\t\t\t\t<script type=\"application\/ld+json\">{\"@context\":\"https:\\\/\\\/schema.org\",\"@type\":\"FAQPage\",\"mainEntity\":[{\"@type\":\"Question\",\"name\":\"Qu\\u2019est-ce que l\\u2019\\u00e9l\\u00e9ment de m\\u00e9lange de la Pales plates ?\",\"acceptedAnswer\":{\"@type\":\"Answer\",\"text\":\"L\\u2019\\u00e9l\\u00e9ment de m\\u00e9lange \\u00e0 Pales plates est un outil sp\\u00e9cialis\\u00e9 con\\u00e7u pour un m\\u00e9lange efficace dans diverses applications. Sa forme unique de Pales plates permet un m\\u00e9lange soign\\u00e9 des mat\\u00e9riaux, garantissant un produit coh\\u00e9rent. Cet \\u00e9l\\u00e9ment est id\\u00e9al pour un usage industriel et commercial, augmentant la productivit\\u00e9 dans les t\\u00e2ches de m\\u00e9lange.\"}},{\"@type\":\"Question\",\"name\":\"Comment le design du Pales plates am\\u00e9liore-t-il le m\\u00e9lange ?\",\"acceptedAnswer\":{\"@type\":\"Answer\",\"text\":\"Le design Pales plates pr\\u00e9sente une forme profil\\u00e9e qui cr\\u00e9e des flux optimaux \\u00e0 l\\u2019int\\u00e9rieur du r\\u00e9cipient de m\\u00e9lange. Cela favorise une homog\\u00e9n\\u00e9isation compl\\u00e8te des mat\\u00e9riaux, minimisant les zones mortes et garantissant une r\\u00e9partition uniforme de tous les composants dans le m\\u00e9lange pour de meilleurs r\\u00e9sultats.\"}},{\"@type\":\"Question\",\"name\":\"Quels mat\\u00e9riaux l\\u2019\\u00e9l\\u00e9ment de m\\u00e9lange Pales plates peut-il g\\u00e9rer ?\",\"acceptedAnswer\":{\"@type\":\"Answer\",\"text\":\"L\\u2019\\u00e9l\\u00e9ment de m\\u00e9lange Pales plates est polyvalent et peut g\\u00e9rer une large gamme de mat\\u00e9riaux, y compris des liquides, des p\\u00e2tes et des suspensions. Sa construction robuste lui permet de bien fonctionner dans divers environnements, ce qui le rend adapt\\u00e9 \\u00e0 de nombreuses applications dans diff\\u00e9rents secteurs.\"}},{\"@type\":\"Question\",\"name\":\"L\\u2019\\u00e9l\\u00e9ment de m\\u00e9lange Pales plates est-il facile \\u00e0 nettoyer ?\",\"acceptedAnswer\":{\"@type\":\"Answer\",\"text\":\"Oui, l\\u2019\\u00e9l\\u00e9ment de m\\u00e9lange Pales plates est con\\u00e7u pour un entretien et un nettoyage faciles. Ses surfaces lisses minimisent l\\u2019accumulation de r\\u00e9sidus, tandis que sa nature amovible permet un nettoyage approfondi dans les environnements de lavage, garantissant une hygi\\u00e8ne et le respect des normes du secteur.\"}},{\"@type\":\"Question\",\"name\":\"L\\u2019\\u00e9l\\u00e9ment de m\\u00e9lange Pales plates peut-il \\u00eatre personnalis\\u00e9 ?\",\"acceptedAnswer\":{\"@type\":\"Answer\",\"text\":\"Oui, l\\u2019\\u00e9l\\u00e9ment de m\\u00e9lange Pales plates peut \\u00eatre personnalis\\u00e9 pour r\\u00e9pondre \\u00e0 des exigences sp\\u00e9cifiques de mixage. Selon l\\u2019application, des variations de taille, de forme de Pales plates et de mat\\u00e9riau peuvent \\u00eatre r\\u00e9alis\\u00e9es pour optimiser les performances et r\\u00e9pondre aux besoins sp\\u00e9cifiques de votre proc\\u00e9d\\u00e9 de m\\u00e9lange.\"}}]}<\/script>\n\t\t\t\t\t\t\t<\/div>\n\t\t\t\t<\/div>\n\t\t\t\t<div class=\"elementor-element elementor-element-afdc7c1 elementor-widget elementor-widget-spacer\" data-id=\"afdc7c1\" data-element_type=\"widget\" data-e-type=\"widget\" data-widget_type=\"spacer.default\">\n\t\t\t\t<div class=\"elementor-widget-container\">\n\t\t\t\t\t\t\t<div class=\"elementor-spacer\">\n\t\t\t<div class=\"elementor-spacer-inner\"><\/div>\n\t\t<\/div>\n\t\t\t\t\t\t<\/div>\n\t\t\t\t<\/div>\n\t\t\t\t\t<\/div>\n\t\t\t\t<\/div>\n\t\t\t\t<\/div>\n\t\t\t\t<\/div>\n\t\t\t\t\t\t<\/div>\n\t\t\t\t<\/div>\n\t\t\t\t\t<\/div>\n\t\t\t\t<\/div>\n\t\t\t\t<section class=\"elementor-section elementor-top-section elementor-element elementor-element-3fa755d elementor-section-boxed elementor-section-height-default elementor-section-height-default\" data-id=\"3fa755d\" data-element_type=\"section\" data-e-type=\"section\">\n\t\t\t\t\t\t<div class=\"elementor-container elementor-column-gap-default\">\n\t\t\t\t\t<div class=\"elementor-column elementor-col-100 elementor-top-column elementor-element elementor-element-9abe68d\" data-id=\"9abe68d\" data-element_type=\"column\" data-e-type=\"column\">\n\t\t\t<div class=\"elementor-widget-wrap elementor-element-populated\">\n\t\t\t\t\t\t<div class=\"elementor-element elementor-element-b5e9774 elementor-widget-divider--view-line elementor-widget elementor-widget-divider\" data-id=\"b5e9774\" data-element_type=\"widget\" data-e-type=\"widget\" data-widget_type=\"divider.default\">\n\t\t\t\t<div class=\"elementor-widget-container\">\n\t\t\t\t\t\t\t<div class=\"elementor-divider\">\n\t\t\t<span class=\"elementor-divider-separator\">\n\t\t\t\t\t\t<\/span>\n\t\t<\/div>\n\t\t\t\t\t\t<\/div>\n\t\t\t\t<\/div>\n\t\t\t\t<div class=\"elementor-element elementor-element-1f67cd7 elementor-widget elementor-widget-text-editor\" data-id=\"1f67cd7\" data-element_type=\"widget\" data-e-type=\"widget\" data-widget_type=\"text-editor.default\">\n\t\t\t\t<div class=\"elementor-widget-container\">\n\t\t\t\t\t\t\t\t\t<h3>Articles connexes<\/h3>\t\t\t\t\t\t\t\t<\/div>\n\t\t\t\t<\/div>\n\t\t\t\t<div class=\"elementor-element elementor-element-cb8eee9 elementor-widget elementor-widget-spacer\" data-id=\"cb8eee9\" data-element_type=\"widget\" data-e-type=\"widget\" data-widget_type=\"spacer.default\">\n\t\t\t\t<div class=\"elementor-widget-container\">\n\t\t\t\t\t\t\t<div class=\"elementor-spacer\">\n\t\t\t<div class=\"elementor-spacer-inner\"><\/div>\n\t\t<\/div>\n\t\t\t\t\t\t<\/div>\n\t\t\t\t<\/div>\n\t\t\t\t\t<\/div>\n\t\t<\/div>\n\t\t\t\t\t<\/div>\n\t\t<\/section>\n\t\t\t\t<\/div>\n\t\t","protected":false},"excerpt":{"rendered":"<p>\u00c9l\u00e9ment de m\u00e9lange \u00e0 Pales plates Articles connexes<\/p>\n","protected":false},"author":1,"featured_media":22454,"parent":22479,"menu_order":0,"comment_status":"closed","ping_status":"closed","template":"","meta":{"_acf_changed":false,"site-sidebar-layout":"no-sidebar","site-content-layout":"page-builder","ast-site-content-layout":"default","site-content-style":"default","site-sidebar-style":"default","ast-global-header-display":"","ast-banner-title-visibility":"","ast-main-header-display":"","ast-hfb-above-header-display":"","ast-hfb-below-header-display":"","ast-hfb-mobile-header-display":"","site-post-title":"disabled","ast-breadcrumbs-content":"","ast-featured-img":"disabled","footer-sml-layout":"","ast-disable-related-posts":"","theme-transparent-header-meta":"default","adv-header-id-meta":"","stick-header-meta":"default","header-above-stick-meta":"","header-main-stick-meta":"","header-below-stick-meta":"","astra-migrate-meta-layouts":"set","ast-page-background-enabled":"default","ast-page-background-meta":{"desktop":{"background-color":"var(--ast-global-color-4)","background-image":"","background-repeat":"repeat","background-position":"center center","background-size":"auto","background-attachment":"scroll","background-type":"","background-media":"","overlay-type":"","overlay-color":"","overlay-opacity":"","overlay-gradient":""},"tablet":{"background-color":"","background-image":"","background-repeat":"repeat","background-position":"center center","background-size":"auto","background-attachment":"scroll","background-type":"","background-media":"","overlay-type":"","overlay-color":"","overlay-opacity":"","overlay-gradient":""},"mobile":{"background-color":"","background-image":"","background-repeat":"repeat","background-position":"center center","background-size":"auto","background-attachment":"scroll","background-type":"","background-media":"","overlay-type":"","overlay-color":"","overlay-opacity":"","overlay-gradient":""}},"ast-content-background-meta":{"desktop":{"background-color":"var(--ast-global-color-5)","background-image":"","background-repeat":"repeat","background-position":"center center","background-size":"auto","background-attachment":"scroll","background-type":"","background-media":"","overlay-type":"","overlay-color":"","overlay-opacity":"","overlay-gradient":""},"tablet":{"background-color":"var(--ast-global-color-5)","background-image":"","background-repeat":"repeat","background-position":"center center","background-size":"auto","background-attachment":"scroll","background-type":"","background-media":"","overlay-type":"","overlay-color":"","overlay-opacity":"","overlay-gradient":""},"mobile":{"background-color":"var(--ast-global-color-5)","background-image":"","background-repeat":"repeat","background-position":"center center","background-size":"auto","background-attachment":"scroll","background-type":"","background-media":"","overlay-type":"","overlay-color":"","overlay-opacity":"","overlay-gradient":""}},"footnotes":""},"class_list":["post-23669","page","type-page","status-publish","has-post-thumbnail","hentry"],"acf":[],"_links":{"self":[{"href":"https:\/\/www.jongia.com\/fr\/wp-json\/wp\/v2\/pages\/23669","targetHints":{"allow":["GET"]}}],"collection":[{"href":"https:\/\/www.jongia.com\/fr\/wp-json\/wp\/v2\/pages"}],"about":[{"href":"https:\/\/www.jongia.com\/fr\/wp-json\/wp\/v2\/types\/page"}],"author":[{"embeddable":true,"href":"https:\/\/www.jongia.com\/fr\/wp-json\/wp\/v2\/users\/1"}],"replies":[{"embeddable":true,"href":"https:\/\/www.jongia.com\/fr\/wp-json\/wp\/v2\/comments?post=23669"}],"version-history":[{"count":4,"href":"https:\/\/www.jongia.com\/fr\/wp-json\/wp\/v2\/pages\/23669\/revisions"}],"predecessor-version":[{"id":26138,"href":"https:\/\/www.jongia.com\/fr\/wp-json\/wp\/v2\/pages\/23669\/revisions\/26138"}],"up":[{"embeddable":true,"href":"https:\/\/www.jongia.com\/fr\/wp-json\/wp\/v2\/pages\/22479"}],"wp:featuredmedia":[{"embeddable":true,"href":"https:\/\/www.jongia.com\/fr\/wp-json\/wp\/v2\/media\/22454"}],"wp:attachment":[{"href":"https:\/\/www.jongia.com\/fr\/wp-json\/wp\/v2\/media?parent=23669"}],"curies":[{"name":"wp","href":"https:\/\/api.w.org\/{rel}","templated":true}]}}