{"id":23721,"date":"2024-07-15T17:36:01","date_gmt":"2024-07-15T15:36:01","guid":{"rendered":"https:\/\/www.jongia.com\/a-propos-de-jongia\/de-dietrich-process-systems\/"},"modified":"2026-03-23T20:08:46","modified_gmt":"2026-03-23T19:08:46","slug":"de-dietrich-process-systems","status":"publish","type":"page","link":"https:\/\/www.jongia.com\/fr\/a-propos-de-jongia\/de-dietrich-process-systems\/","title":{"rendered":"Syst\u00e8mes de proc\u00e9d\u00e9 De Dietrich"},"content":{"rendered":"\t\t<div data-elementor-type=\"wp-page\" data-elementor-id=\"23721\" class=\"elementor elementor-23721 elementor-19138\" data-elementor-post-type=\"page\">\n\t\t\t\t\t\t<section class=\"elementor-section elementor-top-section elementor-element elementor-element-899b345 elementor-section-boxed elementor-section-height-default elementor-section-height-default\" data-id=\"899b345\" data-element_type=\"section\" data-e-type=\"section\">\n\t\t\t\t\t\t<div class=\"elementor-container elementor-column-gap-default\">\n\t\t\t\t\t<div class=\"elementor-column elementor-col-100 elementor-top-column elementor-element elementor-element-b9e7751\" data-id=\"b9e7751\" data-element_type=\"column\" data-e-type=\"column\">\n\t\t\t<div class=\"elementor-widget-wrap elementor-element-populated\">\n\t\t\t\t\t\t<div class=\"elementor-element elementor-element-37b99a0 elementor-widget elementor-widget-spacer\" data-id=\"37b99a0\" data-element_type=\"widget\" data-e-type=\"widget\" data-widget_type=\"spacer.default\">\n\t\t\t\t<div class=\"elementor-widget-container\">\n\t\t\t\t\t\t\t<div class=\"elementor-spacer\">\n\t\t\t<div class=\"elementor-spacer-inner\"><\/div>\n\t\t<\/div>\n\t\t\t\t\t\t<\/div>\n\t\t\t\t<\/div>\n\t\t\t\t<div class=\"elementor-element elementor-element-e5c536d elementor-widget elementor-widget-text-editor\" data-id=\"e5c536d\" data-element_type=\"widget\" data-e-type=\"widget\" data-widget_type=\"text-editor.default\">\n\t\t\t\t<div class=\"elementor-widget-container\">\n\t\t\t\t\t\t\t\t\t<h1>Syst\u00e8mes de proc\u00e9d\u00e9 De Dietrich<\/h1>\t\t\t\t\t\t\t\t<\/div>\n\t\t\t\t<\/div>\n\t\t\t\t<section class=\"elementor-section elementor-inner-section elementor-element elementor-element-7fa7495 elementor-section-boxed elementor-section-height-default elementor-section-height-default\" data-id=\"7fa7495\" data-element_type=\"section\" data-e-type=\"section\">\n\t\t\t\t\t\t<div class=\"elementor-container elementor-column-gap-default\">\n\t\t\t\t\t<div class=\"elementor-column elementor-col-50 elementor-inner-column elementor-element elementor-element-23d9617\" data-id=\"23d9617\" data-element_type=\"column\" data-e-type=\"column\">\n\t\t\t<div class=\"elementor-widget-wrap elementor-element-populated\">\n\t\t\t\t\t\t<div class=\"elementor-element elementor-element-08c132a elementor-widget elementor-widget-text-editor\" data-id=\"08c132a\" data-element_type=\"widget\" data-e-type=\"widget\" data-widget_type=\"text-editor.default\">\n\t\t\t\t<div class=\"elementor-widget-container\">\n\t\t\t\t\t\t\t\t\t<p>De Dietrich Process Systems, un groupe familial alsacienne, annonce l\u2019acquisition du groupe HEINKEL Drying &amp; Separation Group.<\/p><p>Cette fusion strat\u00e9gique \u00e9largit le portefeuille de De Dietrich, en faisant le leader mondial de la s\u00e9paration solide-liquide et du s\u00e9chage des ingr\u00e9dients actifs. Avec quatre nouveaux sites de production europ\u00e9ens, De Dietrich renforce son engagement envers la fabrication locale et renforce sa pr\u00e9sence en Asie et aux \u00c9tats-Unis. <\/p><p>Le groupe HEINKEL, connu pour ses marques HEINKEL, COMBER, BOLZ-SUMMIX et JONGIA, est un fournisseur de premier plan de syst\u00e8mes de s\u00e9paration, s\u00e9chage et m\u00e9lange solide-liquide pour les industries pharmaceutique, chimique et alimentaire, reconnu pour son expertise et son innovation.<\/p><p> <\/p><p> <\/p><p> <\/p>\t\t\t\t\t\t\t\t<\/div>\n\t\t\t\t<\/div>\n\t\t\t\t\t<\/div>\n\t\t<\/div>\n\t\t\t\t<div class=\"elementor-column elementor-col-50 elementor-inner-column elementor-element elementor-element-1b51126\" data-id=\"1b51126\" data-element_type=\"column\" data-e-type=\"column\">\n\t\t\t<div class=\"elementor-widget-wrap elementor-element-populated\">\n\t\t\t\t\t\t<div class=\"elementor-element elementor-element-0c65c7b elementor-widget elementor-widget-image\" data-id=\"0c65c7b\" data-element_type=\"widget\" data-e-type=\"widget\" data-widget_type=\"image.default\">\n\t\t\t\t<div class=\"elementor-widget-container\">\n\t\t\t\t\t\t\t\t\t\t\t\t\t\t\t<img fetchpriority=\"high\" decoding=\"async\" width=\"1024\" height=\"576\" src=\"https:\/\/www.jongia.com\/wp-content\/uploads\/2024\/05\/4-1024x576.jpg\" class=\"attachment-large size-large wp-image-22734\" alt=\"Graphique d&#039;annonce indiquant que le groupe HEINKEL fait d\u00e9sormais partie de De Dietrich Process Systems, mettant en \u00e9vidence les logos des entreprises, des formes abstraites de bulles et un th\u00e8me subtil de m\u00e9lange en arri\u00e8re-plan.\" srcset=\"https:\/\/www.jongia.com\/wp-content\/uploads\/2024\/05\/4-1024x576.jpg 1024w, https:\/\/www.jongia.com\/wp-content\/uploads\/2024\/05\/4-300x169.jpg 300w, https:\/\/www.jongia.com\/wp-content\/uploads\/2024\/05\/4-768x432.jpg 768w, https:\/\/www.jongia.com\/wp-content\/uploads\/2024\/05\/4-1536x864.jpg 1536w, https:\/\/www.jongia.com\/wp-content\/uploads\/2024\/05\/4.jpg 1920w\" sizes=\"(max-width: 1024px) 100vw, 1024px\" \/>\t\t\t\t\t\t\t\t\t\t\t\t\t\t\t<\/div>\n\t\t\t\t<\/div>\n\t\t\t\t<div class=\"elementor-element elementor-element-44f6c09 elementor-align-left text-left elementor-widget elementor-widget-button\" data-id=\"44f6c09\" data-element_type=\"widget\" data-e-type=\"widget\" data-widget_type=\"button.default\">\n\t\t\t\t<div class=\"elementor-widget-container\">\n\t\t\t\t\t\t\t\t\t<div class=\"elementor-button-wrapper\">\n\t\t\t\t\t<a class=\"elementor-button elementor-button-link elementor-size-md elementor-animation-grow\" href=\"https:\/\/www.dedietrich.com\/en\">\n\t\t\t\t\t\t<span class=\"elementor-button-content-wrapper\">\n\t\t\t\t\t\t<span class=\"elementor-button-icon\">\n\t\t\t\t<i aria-hidden=\"true\" class=\"fas fa-angle-right\"><\/i>\t\t\t<\/span>\n\t\t\t\t\t\t\t\t\t<span class=\"elementor-button-text\">DeDietrich.com<\/span>\n\t\t\t\t\t<\/span>\n\t\t\t\t\t<\/a>\n\t\t\t\t<\/div>\n\t\t\t\t\t\t\t\t<\/div>\n\t\t\t\t<\/div>\n\t\t\t\t\t<\/div>\n\t\t<\/div>\n\t\t\t\t\t<\/div>\n\t\t<\/section>\n\t\t\t\t\t<\/div>\n\t\t<\/div>\n\t\t\t\t\t<\/div>\n\t\t<\/section>\n\t\t<div class=\"elementor-element elementor-element-b32d976 e-flex e-con-boxed e-con e-parent\" data-id=\"b32d976\" data-element_type=\"container\" data-e-type=\"container\">\n\t\t\t\t\t<div class=\"e-con-inner\">\n\t\t\t\t<div class=\"elementor-element elementor-element-16b7afb elementor-widget elementor-widget-template\" data-id=\"16b7afb\" data-element_type=\"widget\" data-e-type=\"widget\" data-widget_type=\"template.default\">\n\t\t\t\t<div class=\"elementor-widget-container\">\n\t\t\t\t\t\t\t<div class=\"elementor-template\">\n\t\t\t\t\t<div data-elementor-type=\"section\" data-elementor-id=\"22494\" class=\"elementor elementor-22494 elementor-20758 elementor-20758\" data-elementor-post-type=\"elementor_library\">\n\t\t\t<div class=\"elementor-element elementor-element-986606b e-flex e-con-boxed e-con e-parent\" data-id=\"986606b\" data-element_type=\"container\" data-e-type=\"container\" data-settings=\"{&quot;background_background&quot;:&quot;classic&quot;}\">\n\t\t\t\t\t<div class=\"e-con-inner\">\n\t\t\t\t<div class=\"elementor-element elementor-element-207c14f elementor-widget elementor-widget-menu-anchor\" data-id=\"207c14f\" data-element_type=\"widget\" data-e-type=\"widget\" data-widget_type=\"menu-anchor.default\">\n\t\t\t\t<div class=\"elementor-widget-container\">\n\t\t\t\t\t\t\t<div class=\"elementor-menu-anchor\" id=\"FAQ\"><\/div>\n\t\t\t\t\t\t<\/div>\n\t\t\t\t<\/div>\n\t\t\t\t<div class=\"elementor-element elementor-element-ddc4e76 elementor-widget elementor-widget-heading\" data-id=\"ddc4e76\" data-element_type=\"widget\" data-e-type=\"widget\" data-widget_type=\"heading.default\">\n\t\t\t\t<div class=\"elementor-widget-container\">\n\t\t\t\t\t<h2 class=\"elementor-heading-title elementor-size-default\">Questions fr\u00e9quemment pos\u00e9es<\/h2>\t\t\t\t<\/div>\n\t\t\t\t<\/div>\n\t\t\t\t<div class=\"elementor-element elementor-element-137bf4a elementor-widget elementor-widget-n-accordion\" data-id=\"137bf4a\" data-element_type=\"widget\" data-e-type=\"widget\" data-settings=\"{&quot;default_state&quot;:&quot;expanded&quot;,&quot;max_items_expended&quot;:&quot;one&quot;,&quot;n_accordion_animation_duration&quot;:{&quot;unit&quot;:&quot;ms&quot;,&quot;size&quot;:400,&quot;sizes&quot;:[]}}\" data-widget_type=\"nested-accordion.default\">\n\t\t\t\t<div class=\"elementor-widget-container\">\n\t\t\t\t\t\t\t<div class=\"e-n-accordion\" aria-label=\"Accordion. Open links with Enter or Space, close with Escape, and navigate with Arrow Keys\">\n\t\t\t\t\t\t<details id=\"e-n-accordion-item-2040\" class=\"e-n-accordion-item\" open>\n\t\t\t\t<summary class=\"e-n-accordion-item-title\" data-accordion-index=\"1\" tabindex=\"0\" aria-expanded=\"true\" aria-controls=\"e-n-accordion-item-2040\" >\n\t\t\t\t\t<span class='e-n-accordion-item-title-header'><h3 class=\"e-n-accordion-item-title-text\"> Qu\u2019est-ce que les syst\u00e8mes de proc\u00e9d\u00e9 De Dietrich ? <\/h3><\/span>\n\t\t\t\t\t\t\t<span class='e-n-accordion-item-title-icon'>\n\t\t\t<span class='e-opened' ><i aria-hidden=\"true\" class=\"fas fa-minus\"><\/i><\/span>\n\t\t\t<span class='e-closed'><i aria-hidden=\"true\" class=\"fas fa-plus\"><\/i><\/span>\n\t\t<\/span>\n\n\t\t\t\t\t\t<\/summary>\n\t\t\t\t<div role=\"region\" aria-labelledby=\"e-n-accordion-item-2040\" class=\"elementor-element elementor-element-63e0bb5 e-con-full e-flex e-con e-child\" data-id=\"63e0bb5\" data-element_type=\"container\" data-e-type=\"container\">\n\t\t\t\t<div class=\"elementor-element elementor-element-7412b00 elementor-widget elementor-widget-text-editor\" data-id=\"7412b00\" data-element_type=\"widget\" data-e-type=\"widget\" data-widget_type=\"text-editor.default\">\n\t\t\t\t<div class=\"elementor-widget-container\">\n\t\t\t\t\t\t\t\t\t<p>De Dietrich Process Systems est un groupe familial alsacien sp\u00e9cialis\u00e9 dans la s\u00e9paration solide-liquide et le s\u00e9chage des ingr\u00e9dients actifs. R\u00e9cemment, ils ont acquis le groupe HEINKEL Drying &#038; Separation (HEINKEL) Drying &#038; Separation Group, renfor\u00e7ant ainsi leur position sur le march\u00e9. <\/p>\n\t\t\t\t\t\t\t\t<\/div>\n\t\t\t\t<\/div>\n\t\t\t\t<\/div>\n\t\t\t\t\t<\/details>\n\t\t\t\t\t\t<details id=\"e-n-accordion-item-2041\" class=\"e-n-accordion-item\" >\n\t\t\t\t<summary class=\"e-n-accordion-item-title\" data-accordion-index=\"2\" tabindex=\"-1\" aria-expanded=\"false\" aria-controls=\"e-n-accordion-item-2041\" >\n\t\t\t\t\t<span class='e-n-accordion-item-title-header'><h3 class=\"e-n-accordion-item-title-text\"> En quoi consiste l\u2019acquisition de HEINKEL Drying &amp; Separation Group ? <\/h3><\/span>\n\t\t\t\t\t\t\t<span class='e-n-accordion-item-title-icon'>\n\t\t\t<span class='e-opened' ><i aria-hidden=\"true\" class=\"fas fa-minus\"><\/i><\/span>\n\t\t\t<span class='e-closed'><i aria-hidden=\"true\" class=\"fas fa-plus\"><\/i><\/span>\n\t\t<\/span>\n\n\t\t\t\t\t\t<\/summary>\n\t\t\t\t<div role=\"region\" aria-labelledby=\"e-n-accordion-item-2041\" class=\"elementor-element elementor-element-8e6cf33 e-con-full e-flex e-con e-child\" data-id=\"8e6cf33\" data-element_type=\"container\" data-e-type=\"container\">\n\t\t\t\t<div class=\"elementor-element elementor-element-18b45dc elementor-widget elementor-widget-text-editor\" data-id=\"18b45dc\" data-element_type=\"widget\" data-e-type=\"widget\" data-widget_type=\"text-editor.default\">\n\t\t\t\t<div class=\"elementor-widget-container\">\n\t\t\t\t\t\t\t\t\t<p>Cette acquisition renforce le portefeuille de De Dietrich, les positionnant comme leader mondial de la s\u00e9paration solide-liquide et du s\u00e9chage des ingr\u00e9dients actifs avec quatre nouveaux sites de production europ\u00e9ens.<\/p>\n\t\t\t\t\t\t\t\t<\/div>\n\t\t\t\t<\/div>\n\t\t\t\t<\/div>\n\t\t\t\t\t<\/details>\n\t\t\t\t\t\t<details id=\"e-n-accordion-item-2042\" class=\"e-n-accordion-item\" >\n\t\t\t\t<summary class=\"e-n-accordion-item-title\" data-accordion-index=\"3\" tabindex=\"-1\" aria-expanded=\"false\" aria-controls=\"e-n-accordion-item-2042\" >\n\t\t\t\t\t<span class='e-n-accordion-item-title-header'><h3 class=\"e-n-accordion-item-title-text\"> Quelles industries HEINKEL desserve-t-elle ? <\/h3><\/span>\n\t\t\t\t\t\t\t<span class='e-n-accordion-item-title-icon'>\n\t\t\t<span class='e-opened' ><i aria-hidden=\"true\" class=\"fas fa-minus\"><\/i><\/span>\n\t\t\t<span class='e-closed'><i aria-hidden=\"true\" class=\"fas fa-plus\"><\/i><\/span>\n\t\t<\/span>\n\n\t\t\t\t\t\t<\/summary>\n\t\t\t\t<div role=\"region\" aria-labelledby=\"e-n-accordion-item-2042\" class=\"elementor-element elementor-element-29f0197 e-con-full e-flex e-con e-child\" data-id=\"29f0197\" data-element_type=\"container\" data-e-type=\"container\">\n\t\t\t\t<div class=\"elementor-element elementor-element-5d4004d elementor-widget elementor-widget-text-editor\" data-id=\"5d4004d\" data-element_type=\"widget\" data-e-type=\"widget\" data-widget_type=\"text-editor.default\">\n\t\t\t\t<div class=\"elementor-widget-container\">\n\t\t\t\t\t\t\t\t\t<p>HEINKEL est reconnu pour fournir des syst\u00e8mes de s\u00e9paration, s\u00e9chage et m\u00e9lange solide-liquide, principalement destin\u00e9s aux industries pharmaceutique, chimique et alimentaire.<\/p>\n\t\t\t\t\t\t\t\t<\/div>\n\t\t\t\t<\/div>\n\t\t\t\t<\/div>\n\t\t\t\t\t<\/details>\n\t\t\t\t\t\t<details id=\"e-n-accordion-item-2043\" class=\"e-n-accordion-item\" >\n\t\t\t\t<summary class=\"e-n-accordion-item-title\" data-accordion-index=\"4\" tabindex=\"-1\" aria-expanded=\"false\" aria-controls=\"e-n-accordion-item-2043\" >\n\t\t\t\t\t<span class='e-n-accordion-item-title-header'><h3 class=\"e-n-accordion-item-title-text\"> Quelles marques font partie du groupe HEINKEL ? <\/h3><\/span>\n\t\t\t\t\t\t\t<span class='e-n-accordion-item-title-icon'>\n\t\t\t<span class='e-opened' ><i aria-hidden=\"true\" class=\"fas fa-minus\"><\/i><\/span>\n\t\t\t<span class='e-closed'><i aria-hidden=\"true\" class=\"fas fa-plus\"><\/i><\/span>\n\t\t<\/span>\n\n\t\t\t\t\t\t<\/summary>\n\t\t\t\t<div role=\"region\" aria-labelledby=\"e-n-accordion-item-2043\" class=\"elementor-element elementor-element-fa76391 e-con-full e-flex e-con e-child\" data-id=\"fa76391\" data-element_type=\"container\" data-e-type=\"container\">\n\t\t\t\t<div class=\"elementor-element elementor-element-1cbb777 elementor-widget elementor-widget-text-editor\" data-id=\"1cbb777\" data-element_type=\"widget\" data-e-type=\"widget\" data-widget_type=\"text-editor.default\">\n\t\t\t\t<div class=\"elementor-widget-container\">\n\t\t\t\t\t\t\t\t\t<p>Le groupe HEINKEL comprend des marques renomm\u00e9es telles que HEINKEL, COMBER, BOLZ-SUMMIX et JONGIA, reconnues pour leur expertise dans le secteur.<\/p>\n\t\t\t\t\t\t\t\t<\/div>\n\t\t\t\t<\/div>\n\t\t\t\t<\/div>\n\t\t\t\t\t<\/details>\n\t\t\t\t\t\t<details id=\"e-n-accordion-item-2044\" class=\"e-n-accordion-item\" >\n\t\t\t\t<summary class=\"e-n-accordion-item-title\" data-accordion-index=\"5\" tabindex=\"-1\" aria-expanded=\"false\" aria-controls=\"e-n-accordion-item-2044\" >\n\t\t\t\t\t<span class='e-n-accordion-item-title-header'><h3 class=\"e-n-accordion-item-title-text\"> Comment cette acquisition impacte-t-elle la strat\u00e9gie de fabrication de De Dietrich ? <\/h3><\/span>\n\t\t\t\t\t\t\t<span class='e-n-accordion-item-title-icon'>\n\t\t\t<span class='e-opened' ><i aria-hidden=\"true\" class=\"fas fa-minus\"><\/i><\/span>\n\t\t\t<span class='e-closed'><i aria-hidden=\"true\" class=\"fas fa-plus\"><\/i><\/span>\n\t\t<\/span>\n\n\t\t\t\t\t\t<\/summary>\n\t\t\t\t<div role=\"region\" aria-labelledby=\"e-n-accordion-item-2044\" class=\"elementor-element elementor-element-813416c e-con-full e-flex e-con e-child\" data-id=\"813416c\" data-element_type=\"container\" data-e-type=\"container\">\n\t\t\t\t<div class=\"elementor-element elementor-element-d140889 elementor-widget elementor-widget-text-editor\" data-id=\"d140889\" data-element_type=\"widget\" data-e-type=\"widget\" data-widget_type=\"text-editor.default\">\n\t\t\t\t<div class=\"elementor-widget-container\">\n\t\t\t\t\t\t\t\t\t<p>Cette acquisition renforce l\u2019engagement de De Dietrich envers la fabrication locale, renfor\u00e7ant sa pr\u00e9sence op\u00e9rationnelle en Europe, en Asie et aux \u00c9tats-Unis tout en \u00e9largissant ses capacit\u00e9s de production.<\/p>\n\t\t\t\t\t\t\t\t<\/div>\n\t\t\t\t<\/div>\n\t\t\t\t<\/div>\n\t\t\t\t\t<\/details>\n\t\t\t\t\t<\/div>\n\t\t\t\t\t<script type=\"application\/ld+json\">{\"@context\":\"https:\\\/\\\/schema.org\",\"@type\":\"FAQPage\",\"mainEntity\":[{\"@type\":\"Question\",\"name\":\"Qu\\u2019est-ce que les syst\\u00e8mes de proc\\u00e9d\\u00e9 De Dietrich ?\",\"acceptedAnswer\":{\"@type\":\"Answer\",\"text\":\"De Dietrich Process Systems est un groupe familial alsacien sp\\u00e9cialis\\u00e9 dans la s\\u00e9paration solide-liquide et le s\\u00e9chage des ingr\\u00e9dients actifs. R\\u00e9cemment, ils ont acquis le groupe HEINKEL Drying &#038; Separation (HEINKEL) Drying &#038; Separation Group, renfor\\u00e7ant ainsi leur position sur le march\\u00e9.\"}},{\"@type\":\"Question\",\"name\":\"En quoi consiste l\\u2019acquisition de HEINKEL Drying &amp; Separation Group ?\",\"acceptedAnswer\":{\"@type\":\"Answer\",\"text\":\"Cette acquisition renforce le portefeuille de De Dietrich, les positionnant comme leader mondial de la s\\u00e9paration solide-liquide et du s\\u00e9chage des ingr\\u00e9dients actifs avec quatre nouveaux sites de production europ\\u00e9ens.\"}},{\"@type\":\"Question\",\"name\":\"Quelles industries HEINKEL desserve-t-elle ?\",\"acceptedAnswer\":{\"@type\":\"Answer\",\"text\":\"HEINKEL est reconnu pour fournir des syst\\u00e8mes de s\\u00e9paration, s\\u00e9chage et m\\u00e9lange solide-liquide, principalement destin\\u00e9s aux industries pharmaceutique, chimique et alimentaire.\"}},{\"@type\":\"Question\",\"name\":\"Quelles marques font partie du groupe HEINKEL ?\",\"acceptedAnswer\":{\"@type\":\"Answer\",\"text\":\"Le groupe HEINKEL comprend des marques renomm\\u00e9es telles que HEINKEL, COMBER, BOLZ-SUMMIX et JONGIA, reconnues pour leur expertise dans le secteur.\"}},{\"@type\":\"Question\",\"name\":\"Comment cette acquisition impacte-t-elle la strat\\u00e9gie de fabrication de De Dietrich ?\",\"acceptedAnswer\":{\"@type\":\"Answer\",\"text\":\"Cette acquisition renforce l\\u2019engagement de De Dietrich envers la fabrication locale, renfor\\u00e7ant sa pr\\u00e9sence op\\u00e9rationnelle en Europe, en Asie et aux \\u00c9tats-Unis tout en \\u00e9largissant ses capacit\\u00e9s de production.\"}}]}<\/script>\n\t\t\t\t\t\t\t<\/div>\n\t\t\t\t<\/div>\n\t\t\t\t<div class=\"elementor-element elementor-element-afdc7c1 elementor-widget elementor-widget-spacer\" data-id=\"afdc7c1\" data-element_type=\"widget\" data-e-type=\"widget\" data-widget_type=\"spacer.default\">\n\t\t\t\t<div class=\"elementor-widget-container\">\n\t\t\t\t\t\t\t<div class=\"elementor-spacer\">\n\t\t\t<div class=\"elementor-spacer-inner\"><\/div>\n\t\t<\/div>\n\t\t\t\t\t\t<\/div>\n\t\t\t\t<\/div>\n\t\t\t\t\t<\/div>\n\t\t\t\t<\/div>\n\t\t\t\t<\/div>\n\t\t\t\t<\/div>\n\t\t\t\t\t\t<\/div>\n\t\t\t\t<\/div>\n\t\t\t\t\t<\/div>\n\t\t\t\t<\/div>\n\t\t\t\t<\/div>\n\t\t","protected":false},"excerpt":{"rendered":"<p>Syst\u00e8mes de proc\u00e9d\u00e9 De Dietrich De Dietrich Process Systems, un groupe familial alsacienne, annonce l\u2019acquisition du groupe HEINKEL Drying &amp; Separation Group. Cette fusion strat\u00e9gique \u00e9largit le portefeuille de De Dietrich, en faisant le leader mondial de la s\u00e9paration solide-liquide [&hellip;]<\/p>\n","protected":false},"author":1,"featured_media":22734,"parent":22788,"menu_order":0,"comment_status":"closed","ping_status":"closed","template":"","meta":{"_acf_changed":false,"site-sidebar-layout":"no-sidebar","site-content-layout":"page-builder","ast-site-content-layout":"full-width-container","site-content-style":"default","site-sidebar-style":"default","ast-global-header-display":"","ast-banner-title-visibility":"","ast-main-header-display":"","ast-hfb-above-header-display":"","ast-hfb-below-header-display":"","ast-hfb-mobile-header-display":"","site-post-title":"disabled","ast-breadcrumbs-content":"","ast-featured-img":"disabled","footer-sml-layout":"","ast-disable-related-posts":"","theme-transparent-header-meta":"default","adv-header-id-meta":"","stick-header-meta":"default","header-above-stick-meta":"","header-main-stick-meta":"","header-below-stick-meta":"","astra-migrate-meta-layouts":"default","ast-page-background-enabled":"default","ast-page-background-meta":{"desktop":{"background-color":"var(--ast-global-color-4)","background-image":"","background-repeat":"repeat","background-position":"center center","background-size":"auto","background-attachment":"scroll","background-type":"","background-media":"","overlay-type":"","overlay-color":"","overlay-opacity":"","overlay-gradient":""},"tablet":{"background-color":"","background-image":"","background-repeat":"repeat","background-position":"center center","background-size":"auto","background-attachment":"scroll","background-type":"","background-media":"","overlay-type":"","overlay-color":"","overlay-opacity":"","overlay-gradient":""},"mobile":{"background-color":"","background-image":"","background-repeat":"repeat","background-position":"center center","background-size":"auto","background-attachment":"scroll","background-type":"","background-media":"","overlay-type":"","overlay-color":"","overlay-opacity":"","overlay-gradient":""}},"ast-content-background-meta":{"desktop":{"background-color":"var(--ast-global-color-5)","background-image":"","background-repeat":"repeat","background-position":"center center","background-size":"auto","background-attachment":"scroll","background-type":"","background-media":"","overlay-type":"","overlay-color":"","overlay-opacity":"","overlay-gradient":""},"tablet":{"background-color":"var(--ast-global-color-5)","background-image":"","background-repeat":"repeat","background-position":"center center","background-size":"auto","background-attachment":"scroll","background-type":"","background-media":"","overlay-type":"","overlay-color":"","overlay-opacity":"","overlay-gradient":""},"mobile":{"background-color":"var(--ast-global-color-5)","background-image":"","background-repeat":"repeat","background-position":"center center","background-size":"auto","background-attachment":"scroll","background-type":"","background-media":"","overlay-type":"","overlay-color":"","overlay-opacity":"","overlay-gradient":""}},"footnotes":""},"class_list":["post-23721","page","type-page","status-publish","has-post-thumbnail","hentry"],"acf":[],"_links":{"self":[{"href":"https:\/\/www.jongia.com\/fr\/wp-json\/wp\/v2\/pages\/23721","targetHints":{"allow":["GET"]}}],"collection":[{"href":"https:\/\/www.jongia.com\/fr\/wp-json\/wp\/v2\/pages"}],"about":[{"href":"https:\/\/www.jongia.com\/fr\/wp-json\/wp\/v2\/types\/page"}],"author":[{"embeddable":true,"href":"https:\/\/www.jongia.com\/fr\/wp-json\/wp\/v2\/users\/1"}],"replies":[{"embeddable":true,"href":"https:\/\/www.jongia.com\/fr\/wp-json\/wp\/v2\/comments?post=23721"}],"version-history":[{"count":1,"href":"https:\/\/www.jongia.com\/fr\/wp-json\/wp\/v2\/pages\/23721\/revisions"}],"predecessor-version":[{"id":23724,"href":"https:\/\/www.jongia.com\/fr\/wp-json\/wp\/v2\/pages\/23721\/revisions\/23724"}],"up":[{"embeddable":true,"href":"https:\/\/www.jongia.com\/fr\/wp-json\/wp\/v2\/pages\/22788"}],"wp:featuredmedia":[{"embeddable":true,"href":"https:\/\/www.jongia.com\/fr\/wp-json\/wp\/v2\/media\/22734"}],"wp:attachment":[{"href":"https:\/\/www.jongia.com\/fr\/wp-json\/wp\/v2\/media?parent=23721"}],"curies":[{"name":"wp","href":"https:\/\/api.w.org\/{rel}","templated":true}]}}